{"id":1866,"date":"2018-10-15T16:04:14","date_gmt":"2018-10-15T16:04:14","guid":{"rendered":"http:\/\/wcsu.wpengine.com\/admissions\/?page_id=1866"},"modified":"2022-10-25T17:39:16","modified_gmt":"2022-10-25T17:39:16","slug":"interdisciplinary-studies","status":"publish","type":"page","link":"https:\/\/www.wcsu.edu\/admissions\/programs\/interdisciplinary-studies\/","title":{"rendered":"Interdisciplinary Studies"},"content":{"rendered":"<div class=\"wrapper\">\n<div class=\"page-wrapper\">\n<div class=\"page-content\">\n<div class=\"row page-row\">\n<div class=\"course-wrapper col-md-12 col-sm-12\">\n<p class=\"featured-image page-row\"><img fetchpriority=\"high\" decoding=\"async\" class=\"alignnone size-full wp-image-292 img-responsive\" src=\"http:\/\/wcsu.wpengine.com\/admissions\/wp-content\/uploads\/sites\/7\/2016\/09\/general-2.jpg\" alt=\"A male student wearing a bright orange hoodie looks intently at a text book in a colorful study area. Four female students sit at another table in the background, slightly blurred due to perspective, who are studying together.\" width=\"750\" height=\"300\" srcset=\"https:\/\/www.wcsu.edu\/admissions\/wp-content\/uploads\/sites\/7\/2016\/09\/general-2.jpg 750w, https:\/\/www.wcsu.edu\/admissions\/wp-content\/uploads\/sites\/7\/2016\/09\/general-2-300x120.jpg 300w\" sizes=\"(max-width: 750px) 100vw, 750px\" \/><\/p>\n<div class=\"page-row\">\n<p>This major allows you to combine two different fields to best suit your interests and career plans.<\/p>\n<p>Since the concentrations in this interdisciplinary program can come from any field (as long as at least one of them is a traditional liberal arts discipline from the School of Arts and Sciences), it\u2019s not an exaggeration to say that this major can prepare you for any type of graduate study and any career.<\/p>\n<\/div>\n<div class=\"tabbed-info page-row\">\n<ul class=\"nav nav-tabs responsive-tabs\">\n<li class=\"active\"><a href=\"#tab1\">Program Details<\/a><\/li>\n<li><a href=\"#tab2\">Learning Outcomes<\/a><\/li>\n<li><a href=\"#tab3\">Contact<\/a><\/li>\n<\/ul>\n<div class=\"tab-content\">\n<div id=\"tab1\" class=\"tab-pane active\">\n<p>The program looks like this:<\/p>\n<ul>\n<li>The gateway class to the major is HUM 151 Introduction to Interdisciplinary Studies. This class will give you tools for interdisciplinary study that you can apply to the fields of your choice.<\/li>\n<li>You then complete at least 18 credits in 2 different disciplines or concentrations. At least 1 of the concentrations must be from the Macricostas School of Arts and Sciences, and at least 6 credits in each concentration must be at the 300 or 400 level. All existing minors can be used as the framework for building a concentration (all the requirements for the minor must be followed), and admission to the major requires a written rationale for the two concentrations you\u2019ve selected.<\/li>\n<li>After you\u2019ve finished the classes in your 2 concentrations you take the capstone class for the major: HUM 451 Advanced Interdisciplinary Studies. In this class you will complete a final interdisciplinary project that brings together your 2 concentrations.<\/li>\n<li>Here are some examples of how you can use this interdisciplinary major to prepare for graduate study and for a career:\n<ul>\n<li>Biology + Anthropology\/Sociology: great preparation for study and work in public health.<\/li>\n<li>Justice and Law Administration + Political Science: excellent preparation for law school and careers in politics and government.<\/li>\n<li>Psychology + Marketing: a great combination for careers involving market research and advertising.<\/li>\n<li>Management + Professional Writing: excellent for administrative careers in any field.<\/li>\n<li>Economics + Philosophy: great for law school and legal careers generally (those two majors are consistently the top 2 for LSAT scores).<\/li>\n<li>Biology + English: combining a natural science discipline such as biology and a humanities discipline such as English is excellent preparation for a career in health care.<\/li>\n<li>Mathematics + Computer Science: a great combination to prepare for a job in software engineering.<\/li>\n<\/ul>\n<\/li>\n<\/ul>\n<\/div>\n<div id=\"tab2\" class=\"tab-pane\">\n<p>Students who complete the B. A. in Interdisciplinary Studies will be able to:<\/p>\n<ol>\n<li>Defend the combination of concentrations that they chose for their major as a productive alliance. Students will be able to argue convincingly that the two concentrations that they chose can be used together in a complementary way to produce a more complete understanding of complex ideas and problems.<\/li>\n<li>Create and present a senior capstone project that successfully integrates the methods and perspectives of their two concentrations in a creative, thoughtful and educational way.<\/li>\n<li>Demonstrate an understanding of the strengths of interdisciplinary studies in general, beyond the two specific concentrations that they chose for their program. This entails being able to explain the essential characteristics of a question that is by nature interdisciplinary, and also being able to give examples from history of problems that were successfully solved using an interdisciplinary approach.<\/li>\n<li>Demonstrate an understanding of the limitations of interdisciplinary studies. This entails being able to explain the essential characteristics of a question that is by nature not interdisciplinary, and also being able to give examples from history of problems for which an interdisciplinary approach would have been a mistake.<\/li>\n<li>Demonstrate skills of insightful interpretation, logical analysis, articulate communication in speech and writing, openness to new ideas, and the ability to adapt creatively to change\u2014all of which are essential for success in any profession.<\/li>\n<\/ol>\n<\/div>\n<div id=\"tab3\" class=\"tab-pane\">\n<p>If you have any questions about the Interdisciplinary Major please contact:<\/p>\n<p>\u00c7i\u011fdem \u00dcsekes, Ph.D.<br \/>\nProfessor and Co-Chair<br \/>\nDepartment of Philosophy and Humanistic Studies<\/p>\n<p><strong>office:<\/strong> White Hall 021C<br \/>\n<strong>email:<\/strong> <a href=\"mailto:usekesc@wcsu.edu\">usekesc@wcsu.edu<\/a><br \/>\n<strong>phone: <\/strong>203-837-3294<\/p>\n<\/div>\n<\/div>\n<\/div>\n<\/div>\n<\/div>\n<\/div>\n<\/div>\n<\/div>\n","protected":false},"excerpt":{"rendered":"<p>This major allows you to combine two different fields to best suit your interests and career plans. Since the concentrations in this interdisciplinary program can come from any field (as long as at least one of them is a traditional &hellip;<\/p>\n","protected":false},"author":143,"featured_media":0,"parent":150,"menu_order":0,"comment_status":"closed","ping_status":"closed","template":"department.php","meta":{"footnotes":""},"class_list":["post-1866","page","type-page","status-publish","hentry"],"_links":{"self":[{"href":"https:\/\/www.wcsu.edu\/admissions\/wp-json\/wp\/v2\/pages\/1866","targetHints":{"allow":["GET"]}}],"collection":[{"href":"https:\/\/www.wcsu.edu\/admissions\/wp-json\/wp\/v2\/pages"}],"about":[{"href":"https:\/\/www.wcsu.edu\/admissions\/wp-json\/wp\/v2\/types\/page"}],"author":[{"embeddable":true,"href":"https:\/\/www.wcsu.edu\/admissions\/wp-json\/wp\/v2\/users\/143"}],"replies":[{"embeddable":true,"href":"https:\/\/www.wcsu.edu\/admissions\/wp-json\/wp\/v2\/comments?post=1866"}],"version-history":[{"count":0,"href":"https:\/\/www.wcsu.edu\/admissions\/wp-json\/wp\/v2\/pages\/1866\/revisions"}],"up":[{"embeddable":true,"href":"https:\/\/www.wcsu.edu\/admissions\/wp-json\/wp\/v2\/pages\/150"}],"wp:attachment":[{"href":"https:\/\/www.wcsu.edu\/admissions\/wp-json\/wp\/v2\/media?parent=1866"}],"curies":[{"name":"wp","href":"https:\/\/api.w.org\/{rel}","templated":true}]}}