{"id":2217,"date":"2021-06-18T18:45:34","date_gmt":"2021-06-18T18:45:34","guid":{"rendered":"https:\/\/www.wcsu.edu\/biology\/?page_id=2217"},"modified":"2023-09-28T03:00:00","modified_gmt":"2023-09-28T03:00:00","slug":"previous-events","status":"publish","type":"page","link":"https:\/\/www.wcsu.edu\/biology\/previous-events\/","title":{"rendered":"Previous Events"},"content":{"rendered":"<p><\/p>\r\n<div>\r\n<div>\u00a0<\/div>\r\n<h4 class=\"wp-block-heading\"><span style=\"color: #0000ff;font-size: 18pt\"><strong>Fall 2022<\/strong><\/span><\/h4>\r\n<div>\r\n<div>\r\n<div>\r\n<div><strong>November 17th (4-5 pm) &#8211; <a href=\"https:\/\/bit.ly\/3EgMORP\">(virtual)<\/a><\/strong><\/div>\r\n<div>Dr. Rene Welch-Schwartz<\/div>\r\n<div><em>Department of Biology<\/em><\/div>\r\n<div>University of Wisconsin-Madison<\/div>\r\n<div><a href=\"https:\/\/www.wcsu.edu\/biology\/wp-content\/uploads\/sites\/15\/2022\/11\/4318B3FC-80DB-434E-9161-3051C4E47B4E.pdf\"><em>Title: Farm like bacteria protect WI children from eczema and wheezing<\/em><\/a><\/div>\r\n<div>\u00a0<\/div>\r\n<\/div>\r\n<div><strong>October 20th (4-5 pm) &#8211; SB125<\/strong><\/div>\r\n<div>Dr. Dorothy Christopher<\/div>\r\n<div><em>Department of Biology<\/em><\/div>\r\n<div>WCSU<\/div>\r\n<div><a href=\"https:\/\/www.wcsu.edu\/biology\/wp-content\/uploads\/sites\/15\/2022\/09\/Fall2022_1st_Seminar.pdf\"><em>Title: Ecology and evolution of plant reproduction<\/em><\/a><\/div>\r\n<div>\u00a0<\/div>\r\n<p><strong>September 22nd (4-5 pm) &#8211; SB125<\/strong><\/p>\r\n<\/div>\r\n<div>Dr. Carlos Santib\u00e1\u00f1ez-L\u00f3pez<\/div>\r\n<div><em>Department of Biology<\/em><\/div>\r\n<div>WCSU<\/div>\r\n<div><a href=\"https:\/\/www.wcsu.edu\/biology\/wp-content\/uploads\/sites\/15\/2022\/09\/Fall2022_1st_Seminar.pdf\"><em>Title: Uncovering 400 Million years of Scorpion Venom evolution<\/em><\/a><\/div>\r\n<\/div>\r\n<h4><span style=\"color: #0000ff;font-size: 18pt\"><strong>Spring 2022<\/strong><\/span><\/h4>\r\n<\/div>\r\n<div><strong>Feburary 17th (4-5 pm) &#8211; <a href=\"https:\/\/wcsu.webex.com\/wcsu\/j.php?MTID=maea55980094a13798fd61b2a2dfa8ded\">online<\/a><\/strong><\/div>\r\n<div>Dr. David Zappulla<\/div>\r\n<div><em>Department of Biology<\/em><\/div>\r\n<div><span class=\"JsGRdQ\">Lehigh University, Bethlehem, PA<\/span><\/div>\r\n<div><em>Title: Telomerase: RNP Architecture, Telomere Maintenance, and Senescence Without it<\/em><\/div>\r\n<h4><span style=\"color: #0000ff;font-size: 18pt\"><strong>Fall 2021<\/strong><\/span><\/h4>\r\n<div>\r\n<div>\r\n<div>\r\n<p><a href=\"https:\/\/www.wcsu.edu\/biology\/lake-symposium-2021\/\"><b>2021 Lake Symposium (Click here to register)<\/b><\/a><\/p>\r\n<ul>\r\n<li>October 18, 7-9 p.m<\/li>\r\n<li>November 15, 7-9 p.m.<\/li>\r\n<li>December 13, 7-9 p.m.<\/li>\r\n<\/ul>\r\n<p><img loading=\"lazy\" decoding=\"async\" class=\"alignnone size-thumbnail wp-image-2474\" src=\"https:\/\/www.wcsu.edu\/biology\/wp-content\/uploads\/sites\/15\/2021\/09\/ct_lake_logo-150x150.jpg\" alt=\"\" width=\"150\" height=\"150\" srcset=\"https:\/\/www.wcsu.edu\/biology\/wp-content\/uploads\/sites\/15\/2021\/09\/ct_lake_logo-150x150.jpg 150w, https:\/\/www.wcsu.edu\/biology\/wp-content\/uploads\/sites\/15\/2021\/09\/ct_lake_logo-300x300.jpg 300w, https:\/\/www.wcsu.edu\/biology\/wp-content\/uploads\/sites\/15\/2021\/09\/ct_lake_logo.jpg 600w\" sizes=\"auto, (max-width: 150px) 100vw, 150px\" \/><\/p>\r\n<\/div>\r\n<div><span style=\"font-size: 12pt\"><strong>November 18th (4-5 pm) &#8211; online<\/strong><\/span><\/div>\r\n<div><em>Dr. Barbara Murdoch<\/em><\/div>\r\n<div><em>Department of Biology<\/em><\/div>\r\n<div><em>Eastern Connecticut State University<\/em><\/div>\r\n<div><em>Title: Unraveling the Mystery of the Scorpion Microbiome<\/em><\/div>\r\n<div>\u00a0<\/div>\r\n<\/div>\r\n<div><span style=\"font-size: 12pt\"><strong>October 14th (4-5 pm) &#8211; online<\/strong><\/span><\/div>\r\n<div><em>Dr. Jonathan Velotta<\/em><\/div>\r\n<div><em>Department of Biological Sciences<\/em><\/div>\r\n<div><em>University of Denver<\/em><\/div>\r\n<div><em>Title: Extreme Physiology and the Mechanisms of Adaptive Evolution<\/em><\/div>\r\n<div>\u00a0<\/div>\r\n<\/div>\r\n<div><span style=\"font-size: 12pt\"><strong>September 16th (4 -5 pm) &#8211; online<\/strong><\/span><\/div>\r\n<div><em>Dr. Emma Cross<\/em><\/div>\r\n<div><em>Department of Environment, Geography and Marine Sciences<\/em><\/div>\r\n<div><em>Southern Connecticut State University<\/em><\/div>\r\n<div><em>Title: Resilience of marine organisms to climate change<\/em><\/div>\r\n<h4><span style=\"color: #0000ff;font-size: 18pt\"><strong>Spring 2021<\/strong><\/span><\/h4>\r\n\r\n\r\n\r\n<p><span style=\"font-size: 12pt\"><strong>Tuesday, April 13 @ 7pm (virtual):<\/strong> <\/span>The herpetology club will be hosting another seminar via WebEx. Micheal Ravesi will be joining us to discuss job opportunities, a desire to build a diverse workforce, and resumes\/cover letters! This event is open to all students and majors. The link can be found <a href=\"https:\/\/wcsu.webex.com\/wcsu\/j.php?MTID=m262e46734805238d0af432b542d27f52\">here<\/a>.<\/p>\r\n\r\n\r\n\r\n<p><span style=\"font-size: 12pt\"><strong>Thursday, April 15 @ 4pm (virtual):<\/strong> <strong>Research Seminar Series<\/strong><\/span><br \/>Biology Department Research Seminar Series presents <strong>Dr. Julie Canman<\/strong>, Dept. of Pathology and Cell Biology at Columbia University: \u201cFLIRTing with cell type differences in cytokinesis.\u201d To learn more visit:\u00a0<a href=\"https:\/\/www.wcsu.edu\/biology\/seminar\/\">www.wcsu.edu\/biology\/seminar\/<\/a><\/p>\r\n\r\n\r\n\r\n<h4 class=\"wp-block-heading\"><span style=\"font-size: 12pt\"><strong>Saturday, April 17, 2021:\u00a0<\/strong><\/span><span style=\"font-size: 10pt\">Northeast Sigma Xi Regional Conference.<\/span><br \/><span style=\"font-size: 10pt\">Hosted by WCSU. Learn\u00a0<a href=\"https:\/\/www.wcsu.edu\/sigma-xi\/2021-ne-regional-meeting-copy\/\">more<\/a>.<\/span><\/h4>\r\n\r\n\r\n\r\n<p><span style=\"font-size: 12pt\"><strong>Thursday, Feb. 18 @ 4pm (virtual):<\/strong> <strong>Research Seminar Series<\/strong><\/span><br \/>Biology Department Research Seminar Series presents <strong>Dr. Amy Arnsten<\/strong>, Kavli Institute of Neuroscience at Yale University: \u201cUnique molecular regulation of prefrontal cortex confers vulnerability to cognitive disorders.\u201d To learn more visit:\u00a0<a href=\"https:\/\/www.wcsu.edu\/biology\/seminar\/\">www.wcsu.edu\/biology\/seminar\/<\/a><\/p>\r\n\r\n\r\n\r\n<p><span style=\"font-size: 12pt\"><strong>Thursday, Mar. 18 @ 4pm (virtual):<\/strong> <strong>Research Seminar Series<\/strong><\/span><br \/>Biology Department Research Seminar Series presents <strong>Dr. Emile Gluck-Thaler<\/strong>, Univ. of Pennsylvania: \u201cGene clusters and the evolution of fungal metabolic traits.\u201d To learn more visit:\u00a0<a href=\"https:\/\/www.wcsu.edu\/biology\/seminar\/\">www.wcsu.edu\/biology\/seminar\/<\/a><\/p>\r\n\r\n\r\n<hr class=\"wp-block-separator\" \/>\r\n\r\n\r\n<h4 class=\"wp-block-heading\"><span style=\"color: #0000ff;font-size: 18pt\"><strong>Fall 2020<\/strong><\/span><\/h4>\r\n\r\n\r\n\r\n<p><span style=\"font-size: 12pt\"><strong>Monday, August 24 @ 1:30pm (virtual):<\/strong><\/span>\u00a0New and Prospective Graduate Student Orientation.<br \/>Come meet fellow graduate students and faculty.\u00a0 Email pinout@wcsu.edu for meeting link and details.<\/p>\r\n\r\n\r\n\r\n<p><span style=\"font-size: 12pt\"><strong>Thursday, Sept. 17 @ 4pm (virtual):<\/strong> <\/span>Research Seminar Series<br \/>Biology Department Research Seminar Series presents epidemiologist <strong>Kimberly Yousey-Hindes<\/strong>, Yale School of Public Health. COVID-19 Hospitalizations in Connecticut.<\/p>\r\n\r\n\r\n\r\n<p><span style=\"font-size: 12pt\"><strong>Monday, Sept. 28 @7 pm (virtual):<\/strong> <\/span>Fall 2020 Regional Lake Communities Symposium &#8211; <em>\u201cReflecting on Invasive Plants and Harmful Algal Blooms (HABs)&#8221;<br \/><\/em>Based on the conversation started in 2019, stakeholders will be able to understand how they can help prioritize economic interests in Connecticut Lakes. Invited lake community representatives: Candlewood Lake Authority, Lake Housatonic, Ball Pond, Lake Zoar, Lake Lillinonah, Lake Waubeeka and others.<\/p>\r\n\r\n\r\n\r\n<p>To register for this event and learn more visit:\u00a0<a href=\"https:\/\/www.wcsu.edu\/biology\/lake-symposium-2020\/\" target=\"_blank\" rel=\"noreferrer noopener\">www.wcsu.edu\/biology\/lake-symposium-2020\/<\/a><\/p>\r\n\r\n\r\n\r\n<div class=\"wp-block-image\">\r\n<figure class=\"alignright\"><img decoding=\"async\" class=\"wp-image-279\" src=\"https:\/\/www.wcsu.edu\/biology-msbiodiversity\/wp-content\/uploads\/sites\/193\/2020\/08\/Lake-Symposium-2019_8908-300x214.jpg\" alt=\"\" \/><\/figure>\r\n<\/div>\r\n\r\n\r\n\r\n<p><span style=\"font-size: 12pt\"><strong>Thursday, Oct. 1, 2020 @4 pm (virtual):<\/strong> <\/span>Biology Follies<br \/>Join the Biology Department\u2019s students, faculty, and staff in <em>Biology Follies \u2013 annual<\/em>\u00a0showcase their performance talents and skills. It\u2019s a fun way to bring the Biology Department together.\u00a0<em>Think \u201cAmerica\u2019s Got Talent\u201d for the Biology Dept!<\/em><\/p>\r\n\r\n\r\n\r\n<p>Email\u00a0<a href=\"mailto:wonge@wcsu.edu\">wonge@wcsu.edu<\/a>\u00a0to get the meeting link!<\/p>\r\n\r\n\r\n\r\n<p><span style=\"font-size: 12pt\"><strong>Thursday, Oct. 15, 2020 @ 4pm (virtual):<\/strong><\/span> Research Seminar Series<br \/>Biology Department Research Seminar Series presents medical anthropologist <strong>Ruthanne Marcus<\/strong>, Centers for Disease Control and Prevention. COVID-19 transmission in homeless populations.<\/p>\r\n\r\n\r\n\r\n<p>To learn more visit:\u00a0<a href=\"https:\/\/www.wcsu.edu\/biology\/seminar\/\">www.wcsu.edu\/biology\/seminar\/<\/a><\/p>\r\n\r\n\r\n\r\n<p><span style=\"font-size: 12pt\"><strong>Monday, Oct. 26, 2020 @ 7 pm (virtual): <\/strong><\/span>Fall 2020 Regional Lake Communities Symposium \u2013\u00a0<em>\u201cUsing Data to Assess our Lakes\u201d<br \/><\/em>Based on the conversation started in 2019, stakeholders will be able to understand how they can help prioritize economic interests in Connecticut Lakes. Invited lake community representatives: Candlewood Lake Authority, Lake Housatonic, Ball Pond, Lake Zoar, Lake Lillinonah, Lake Waubeeka and others.<\/p>\r\n\r\n\r\n\r\n<p>To register for this event and learn more visit:\u00a0<a href=\"https:\/\/www.wcsu.edu\/biology\/lake-symposium-2020\/\" target=\"_blank\" rel=\"noreferrer noopener\">www.wcsu.edu\/biology\/lake-symposium-2020\/<\/a><\/p>\r\n\r\n\r\n\r\n<p><span style=\"font-size: 12pt\"><strong>Thursday, Nov. 19, 2020 @ 4pm (virtual): <\/strong><\/span>Research Seminar SeriesBiology Department Research Seminar Series presents <strong>Chad Roy<\/strong>, director of infectious disease aerobiology at the Tulane National Primate Center. Aerobiology and transmission of of COVID-19 virus.<\/p>\r\n\r\n\r\n\r\n<p>To learn more visit:\u00a0<a href=\"https:\/\/www.wcsu.edu\/biology\/seminar\/\">www.wcsu.edu\/biology\/seminar\/<\/a><\/p>\r\n\r\n\r\n\r\n<p><span style=\"font-size: 12pt\"><strong>Monday, Nov. 30, 2020 @ <\/strong><\/span><strong><span style=\"font-size: 12pt\">7pm (virtual):<\/span> <\/strong>Fall 2020 Regional Lake Communities Symposium &#8211; <em>\u201cStrategies beyond grass carp for managing aquatic plant growth\u201d<br \/><\/em>Based on the conversation started in 2019, stakeholders will be able to understand how they can help prioritize economic interests in Connecticut Lakes. Invited lake community representatives: Candlewood Lake Authority, Lake Housatonic, Ball Pond, Lake Zoar, Lake Lillinonah, Lake Waubeeka and others.<\/p>\r\n\r\n\r\n\r\n<p>To register for this event and learn more visit:\u00a0<a href=\"https:\/\/www.wcsu.edu\/biology\/lake-symposium-2020\/\" target=\"_blank\" rel=\"noreferrer noopener\">www.wcsu.edu\/biology\/lake-symposium-2020\/<\/a><\/p>\r\n\r\n\r\n\r\n<p>*Grass Carp Risk Assessment Workshops. Learn\u00a0<a href=\"https:\/\/www.wcsu.edu\/biology-msbiodiversity\/2020-lakes-symposium\/\">more here<\/a><\/p>\r\n\r\n\r\n\r\n<p><span style=\"font-size: 12pt\"><strong>Sunday, May 17, 2020<\/strong><strong>: (video) Celebration of our 2020 Biology Graduates. <span style=\"font-size: 10pt\"><a href=\"https:\/\/youtu.be\/Ym2V_Bzhov4\">Link<\/a><\/span><\/strong><\/span><\/p>\r\n","protected":false},"excerpt":{"rendered":"<p>\u00a0 Fall 2022 November 17th (4-5 pm) &#8211; (virtual) Dr. Rene Welch-Schwartz Department of Biology University of Wisconsin-Madison Title: Farm like bacteria protect WI children from eczema and wheezing \u00a0 October 20th (4-5 pm) &#8211; SB125 Dr. Dorothy Christopher Department &hellip;<\/p>\n","protected":false},"author":288,"featured_media":0,"parent":0,"menu_order":0,"comment_status":"closed","ping_status":"closed","template":"","meta":{"footnotes":""},"class_list":["post-2217","page","type-page","status-publish","hentry"],"_links":{"self":[{"href":"https:\/\/www.wcsu.edu\/biology\/wp-json\/wp\/v2\/pages\/2217","targetHints":{"allow":["GET"]}}],"collection":[{"href":"https:\/\/www.wcsu.edu\/biology\/wp-json\/wp\/v2\/pages"}],"about":[{"href":"https:\/\/www.wcsu.edu\/biology\/wp-json\/wp\/v2\/types\/page"}],"author":[{"embeddable":true,"href":"https:\/\/www.wcsu.edu\/biology\/wp-json\/wp\/v2\/users\/288"}],"replies":[{"embeddable":true,"href":"https:\/\/www.wcsu.edu\/biology\/wp-json\/wp\/v2\/comments?post=2217"}],"version-history":[{"count":0,"href":"https:\/\/www.wcsu.edu\/biology\/wp-json\/wp\/v2\/pages\/2217\/revisions"}],"wp:attachment":[{"href":"https:\/\/www.wcsu.edu\/biology\/wp-json\/wp\/v2\/media?parent=2217"}],"curies":[{"name":"wp","href":"https:\/\/api.w.org\/{rel}","templated":true}]}}