{"id":972,"date":"2020-10-12T18:49:07","date_gmt":"2020-10-12T18:49:07","guid":{"rendered":"https:\/\/staging.www.wcsu.edu\/celt\/?page_id=972"},"modified":"2020-10-12T18:49:07","modified_gmt":"2020-10-12T18:49:07","slug":"online-teaching","status":"publish","type":"page","link":"https:\/\/www.wcsu.edu\/celt\/online-teaching\/","title":{"rendered":"Online Teaching"},"content":{"rendered":"<hr \/>\n<ul class=\"display-posts-listing\"><li class=\"listing-item\"><a class=\"title\" href=\"https:\/\/www.wcsu.edu\/celt\/2021\/02\/01\/synchronous-online-teaching-session\/\">Synchronous Online Teaching Session<\/a> <span class=\"date\">(2\/1\/2021)<\/span><div class=\"content\"><p>Are you teaching synchronously this term and want to learn and share tips, techniques, success and lessons learned?<\/p>\n<p>Please sign up to attend this webinar session on <strong>Friday, February 5, 2021, 10:30am &#8211; 12pm<\/strong> via WebEx (link provided<br \/>\non sign up form).<br \/>\n<strong><br \/>\n<a href=\"https:\/\/forms.office.com\/Pages\/ResponsePage.aspx?id=vC1i4bqUrUiHu6fygHTuPZBAvgtp1zFDnxBsLE2aUu1UOVlLQVEzOFBaMDJFRE83UTZSN0dPQUlEVC4u\" target=\"_blank\" rel=\"noopener noreferrer\">Sign up here<\/a><\/strong><\/p>\n<p>Questions? Contact Aura Lippincott (lippincotta@wcsu.edu)<\/p>\n<\/div><\/li><li class=\"listing-item\"><a class=\"title\" href=\"https:\/\/www.wcsu.edu\/celt\/2020\/08\/17\/faculty-training-for-fall-start\/\">Faculty Training for Fall Start!<\/a> <span class=\"date\">(8\/17\/2020)<\/span><div class=\"content\"><p>Faculty Training Sessions \u2013 Fall 2020<\/p>\n<p>Please note that session meeting links will be emailed to you prior to the session dates. Please choose the option at the end of the survey to receive a copy of your workshop sign ups.<\/p>\n<p><strong>Blackboard Basics:<\/strong>\u00a0Learn the basics of building your course in Blackboard<br \/>\n\u2013 Thursday, August 20, 9am-11am<\/p>\n<p><strong>Blackboard Collaborate Ultra:<\/strong>\u00a0learn about synchronous online meeting using Blackboard\u2019s integrated meeting tool.<br \/>\n\u2013 Thursday, August 20, 1pm-2:30pm<\/p>\n<p><strong>Blackboard Tests:<\/strong>\u00a0learn how to create online quizzes and tests in Blackboard<br \/>\n\u2013 Thursday, September 10, 12pm-1pm<br \/>\n\u2013 Tuesday, September 15, 2pm-3pm<\/p>\n<p><strong>Blackboard Grade Center:<\/strong>\u00a0learn how to set up and navigate your course gradebook<br \/>\n\u2013 Wednesday, September 23, 12pm-1pm<br \/>\n\u2013 Thursday, October 1, 9am-10am<\/p>\n<\/div><\/li><li class=\"listing-item\"><a class=\"title\" href=\"https:\/\/www.wcsu.edu\/celt\/2020\/06\/01\/summer-training-for-faculty-teaching-online\/\">Summer Training for Faculty Teaching Online<\/a> <span class=\"date\">(6\/1\/2020)<\/span><div class=\"content\"><p>Dear Faculty,<\/p>\n<p>You are invited to register for training sessions taking place June 15-26 and July 13-24. There are a wide variety of times and dates to fit your summer schedules. Workshop descriptions and sign up links are available via the CELT\u00a0<a href=\"\/celt\/summer-2020-workshops\/\" target=\"_blank\" rel=\"noreferrer noopener\">Summer 2020 Workshops<\/a>\u00a0page.<\/p>\n<p>6\/23\/20 update:<br \/>\nNew Sessions added (June 29-30, July 7-9, and July 27) \u2013 Full details on the\u00a0<a href=\"\/celt\/summer-2020-workshops\/\" target=\"_blank\" rel=\"noreferrer noopener\">Summer 2020 Workshops<\/a>\u00a0page:<\/p>\n<ul>\n<li>Session 12: Blackboard Basics (Track 5 Tech Tools)<\/li>\n<li>Session 13: Kaltura Capture (Track 5 Tech Tools)<\/li>\n<li>Session 14: Blackboard Ally Accessibility (Track 5 Tech Tool)<\/li>\n<li>Session 15 Incorporating Writing into Any Course, Part 1\/2 (Track 2 Course Design)<\/li>\n<li>Session 16: Designing Rubrics and Providing Feedback for Writing Assignments, Part 2\/2 (Track 2 Course Design)<\/li>\n<\/ul>\n<\/div><\/li><li class=\"listing-item\"><a class=\"title\" href=\"https:\/\/www.wcsu.edu\/celt\/2020\/05\/13\/celt-podcast-dr-veronica-howard\/\">CELT Podcast: Dr. Veronica Howard<\/a> <span class=\"date\">(5\/13\/2020)<\/span><div class=\"content\"><h2>Open Educational Resources<\/h2>\n<p><a href=\"https:\/\/www.dropbox.com\/s\/ae60dolj4pu8ngz\/CELT.OER.wav?dl=0\">Click to listen to the podcast with Dr. Veronica Howard<\/a><\/p>\n<figure class=\"wp-block-image size-large\">\n<p><div id=\"attachment_695\" style=\"width: 459px\" class=\"wp-caption alignnone\"><a href=\"https:\/\/www.dropbox.com\/s\/ae60dolj4pu8ngz\/CELT.OER.wav?dl=0\"><img loading=\"lazy\" decoding=\"async\" aria-describedby=\"caption-attachment-695\" class=\"wp-image-695\" src=\"https:\/\/www.wcsu.edu\/celt\/wp-content\/uploads\/sites\/152\/2020\/09\/dr.veronicahoward.jpg\" alt=\"\" width=\"449\" height=\"300\" srcset=\"https:\/\/www.wcsu.edu\/celt\/wp-content\/uploads\/sites\/152\/2020\/09\/dr.veronicahoward.jpg 600w, https:\/\/www.wcsu.edu\/celt\/wp-content\/uploads\/sites\/152\/2020\/09\/dr.veronicahoward-300x201.jpg 300w\" sizes=\"auto, (max-width: 449px) 100vw, 449px\" \/><\/a><p id=\"caption-attachment-695\" class=\"wp-caption-text\">Dr. Veronica Howard teaches Intro to Behavioral Analysis (PSY A200) in UAA&#8217;s Social Sciences Building.<\/p><\/div><\/figure>\n<hr class=\"wp-block-separator\" \/>\n<p>In this podcast,\u00a0<a href=\"https:\/\/www.researchgate.net\/profile\/Veronica_Howard\">Dr. Veronica Howard<\/a>, our featured speaker from University of Alaska Anchorage, will discuss open educational resources.<\/p>\n<hr class=\"wp-block-separator\" \/>\n<p>Dr.\u00a0Veronica\u00a0Howard\u00a0is an assistant professor of Psychology at the University of Alaska Anchorage, chair of the UAA textbook affordability committee, and founding member of the Association for Behavior Analysis International\u2019s Open Educational Resources (OER) special interest group. As a first-generation college student, working to find ways to make higher education affordable for all students is a deeply\u00a0personal mission for\u00a0Veronica.\u00a0Veronica\u2019s background is in organizational behavior management and sustainable behavior change, and uses these skills to promote wide-spread adoption and creation of OER materials.<\/p>\n<p><strong>References<\/strong><\/p>\n<p><a href=\"https:\/\/www.researchgate.net\/publication\/335057730_Open_Educational_Resources_in_Behavior_Analysis\">Howard, V. J. (2019). Open educational resources in behavior analysis.\u00a0<em>Behavior Analysis in Practice<\/em>,\u00a0<em>12<\/em>(4), 839-853.<\/a><\/p>\n<p><em>Special thanks to Peter Puccio for recording this podcast.<\/em><\/p>\n<\/div><\/li><li class=\"listing-item\"><a class=\"title\" href=\"https:\/\/www.wcsu.edu\/celt\/2020\/05\/09\/celt-podcast-dr-sharon-yamen\/\">CELT Podcast: Dr. Sharon Yamen<\/a> <span class=\"date\">(5\/9\/2020)<\/span><div class=\"content\"><h2>Setting Expectations in the Classroom<\/h2>\n<p><a href=\"https:\/\/www.dropbox.com\/s\/elwge7p39mfu2nr\/Connally_Video_v2.mp4?dl=0\">Click\u00a0<\/a><a href=\"https:\/\/www.youtube.com\/watch?v=nEa-uGvKMYQ\">to listen to the podcast with Dr. Sharon Yamen.<\/a><\/p>\n<figure class=\"wp-block-image size-large\"><a href=\"https:\/\/www.youtube.com\/watch?v=nEa-uGvKMYQ\"><img loading=\"lazy\" decoding=\"async\" class=\"alignleft wp-image-698\" src=\"https:\/\/www.wcsu.edu\/celt\/wp-content\/uploads\/sites\/152\/2020\/09\/thumbnail_sharonyamenheadshot.jpg\" alt=\"\" width=\"286\" height=\"300\" srcset=\"https:\/\/www.wcsu.edu\/celt\/wp-content\/uploads\/sites\/152\/2020\/09\/thumbnail_sharonyamenheadshot.jpg 689w, https:\/\/www.wcsu.edu\/celt\/wp-content\/uploads\/sites\/152\/2020\/09\/thumbnail_sharonyamenheadshot-286x300.jpg 286w\" sizes=\"auto, (max-width: 286px) 100vw, 286px\" \/><\/a><\/figure>\n<hr class=\"wp-block-separator\" \/>\n<p>Sharon\u00a0Yamen, Esq. is an assistant professor in the division of justice and law at the Ancell School of Business, Western Connecticut State University. She received her J.D. at Hofstra University School of Law. Professor\u00a0Yamen\u00a0holds\u00a0her own practice assisting small business start-ups and has ten plus years of teaching experience. Her research is vast and varied, often pointing out disparities in the law. When not teaching, researching or practicing she can be found exploring the great outdoors.<\/p>\n<\/div><\/li><li class=\"listing-item\"><a class=\"title\" href=\"https:\/\/www.wcsu.edu\/celt\/2020\/05\/05\/part-2-demystifying-the-digital-pedagogy-of-teaching-online\/\">Part 2: Demystifying the digital pedagogy of teaching online<\/a> <span class=\"date\">(5\/5\/2020)<\/span><div class=\"content\"><p><a href=\"https:\/\/media.wcsu.edu\/media\/Part+2+Demystifying+the+digital+pedagogy+of+teaching+online%2C+May+8%2C+2020\/1_ok95bfno\" target=\"_blank\" rel=\"noreferrer noopener\">Session recording<\/a>\u00a0(requires WCSU login)<\/p>\n<p>You are invited to\u00a0CELT\u00a0online faculty panel\u00a0discussion\u2026\u00a0Friday,\u00a0May 8, 12pm-1pm,\u00a0via WebEx\u00a0(WCSU Login required to access\u00a0WebEx\u00a0meeting link)<\/p>\n<p>Please join your colleagues for another thought-provoking conversation about the digital pedagogy of teaching online hosted by the Center for Excellence in Learning\u00a0and Teaching.<\/p>\n<p>This session will focus on fostering online student engagement and learning through fostering community and rapport in the class.\u00a0 We will discuss a variety of techniques, such as group work, discussion, peer to peer learning and other online course community building techniques. Faculty panelists will share their experience, tips, techniques, and lessons learned on this important and challenging aspect of online learning.<\/p>\n<p>Hosted by\u00a0<strong>Adam Brewer<\/strong>, CELT Director<br \/>\nOpening Remarks by\u00a0<strong>Missy Alexander<\/strong>,\u00a0Provost<br \/>\nModerated by\u00a0<strong>Aura Lippincott<\/strong>, Instructional Designer<\/p>\n<p>Panelists:<\/p>\n<ul>\n<li><strong>Maya\u00a0Aloni<\/strong>,\u00a0Ph.D., Associate Professor, Department of Psychology<\/li>\n<li><strong>Nicole\u00a0DeRonck<\/strong>,\u00a0Ph.D.,\u00a0Ed.D., CRC,\u00a0School Counseling Program Coordinator, Assistant Professor of Counseling,\u00a0Department of\u00a0Education &amp; Educational Psychology<\/li>\n<li><strong>Sharon Yamen<\/strong>,\u00a0J.D.,\u00a0Associate Professor,\u00a0Division of Justice &amp; Law Administration<\/li>\n<li><strong>Sharon Young<\/strong>,\u00a0LCSW, Ph.D., Associate Professor, Department of Social Work<\/li>\n<\/ul>\n<\/div><\/li><li class=\"listing-item\"><a class=\"title\" href=\"https:\/\/www.wcsu.edu\/celt\/2020\/04\/22\/celt-podcast-dr-neeta-connally\/\">CELT Podcast: Dr. Neeta Connally<\/a> <span class=\"date\">(4\/22\/2020)<\/span><div class=\"content\"><h2>How being a Researcher can Inform Teaching<\/h2>\n<p><a href=\"https:\/\/www.dropbox.com\/s\/elwge7p39mfu2nr\/Connally_Video_v2.mp4?dl=0\">Click to listen to the podcast with Dr. Neeta Connally<\/a><\/p>\n<figure class=\"wp-block-image size-large\"><a href=\"https:\/\/www.dropbox.com\/s\/elwge7p39mfu2nr\/Connally_Video_v2.mp4?dl=0\"><img loading=\"lazy\" decoding=\"async\" class=\"alignnone wp-image-705\" src=\"https:\/\/www.wcsu.edu\/celt\/wp-content\/uploads\/sites\/152\/2020\/09\/neeta.jpg\" alt=\"\" width=\"702\" height=\"300\" srcset=\"https:\/\/www.wcsu.edu\/celt\/wp-content\/uploads\/sites\/152\/2020\/09\/neeta.jpg 784w, https:\/\/www.wcsu.edu\/celt\/wp-content\/uploads\/sites\/152\/2020\/09\/neeta-300x128.jpg 300w, https:\/\/www.wcsu.edu\/celt\/wp-content\/uploads\/sites\/152\/2020\/09\/neeta-768x328.jpg 768w\" sizes=\"auto, (max-width: 702px) 100vw, 702px\" \/><\/a><\/figure>\n<hr class=\"wp-block-separator\" \/>\n<p><a href=\"https:\/\/www.wcsu.edu\/biology\/surf\/faculty-mentors\/connally\/\">Neeta Pardanani Connally<\/a>\u00a0is an associate professor in the Dept. of Biological &amp; Environmental Sciences at Western Connecticut State University (WCSU), where she oversees the WCSU Tickborne Disease Prevention Laboratory. Trained as a medical entomologist, her research focuses upon backyard ecology and prevention of Lyme and other tick-associated diseases in the northeastern United States. Some of Neeta\u2019s recent projects have evaluated integrated tick management tactics for preventing tick bites, assessed the effectiveness of tick-repellent clothing, and investigated the role of human behavior in peridomestic tickborne disease risk.<\/p>\n<p><a href=\"https:\/\/www.researchgate.net\/profile\/Neeta_Connally\">Neeta\u2019s research<\/a>\u00a0has been funded by federal grants from the Centers for Disease Control and Prevention as well as the U.S. Environmental Protection Agency, and she has been a CDC TickNET project contributor in partnership with the Connecticut Emerging Infections Program since 2007. Neeta served on the U.S. Health and Human Services Tick-Borne Disease Working Group as a member of the Tick Biology, Ecology, and Control Subcommittee in 2019, and as a member of the Disease Vectors, Surveillance, and Prevention subcommittee in 2018. She was also appointed<br \/>\nto the Science and Technology Committee of the 2020 CT Governor\u2019s Council on Climate Change.<\/p>\n<p>Neeta has been recognized for her research and outreach efforts, receiving the Connecticut State University Board of Regents system-wide Faculty Research Award in 2020, the Connecticut Campus Compact Community Engaged Scholar Award in 2015, and the Connecticut State University Board of Regents Faculty Research Award for WCSU in 2014. She holds a B.S. in animal biology from Louisiana Tech University, a Master of Science in Public Health from Tulane University School of Public Health and Tropical Medicine, and a Ph.D. from the University of Rhode Island. Prior to joining the WCSU faculty, Neeta was an Associate Research Scientist at the Yale School of Public Health.<\/p>\n<\/div><\/li><li class=\"listing-item\"><a class=\"title\" href=\"https:\/\/www.wcsu.edu\/celt\/2020\/04\/16\/celt-panel-demystifying-the-digital-pedagogy-of-teaching-online\/\">CELT Panel: Demystifying the digital pedagogy of teaching online<\/a> <span class=\"date\">(4\/16\/2020)<\/span><div class=\"content\"><p><a href=\"https:\/\/media.wcsu.edu\/media\/CELT+Faculty+PanelA+Demystifying+the+digital+pedagogy+of+teaching+online%2C+April+17%2C+2020\/1_apip8i9z\">Watch the recording<\/a>\u00a0(requires WCSU login)<\/p>\n<p>4\/17\/2020 With four weeks of emergency remote teaching behind you, are you looking to take your online teaching to the next level? Are you new to online, or have some experience, but want to learn \u201chow others are doing it?\u201d As we have all moved to remote teaching, what are some lessons learned that we can apply to the rest of the semester and beyond? During this session, faculty panelists \u2013 from brand new to experienced practitioners \u2013 will share their experiences, lessons learned, \u201caha\u201d moments, and the challenges and rewards of online teaching. Learn about what is involved in planning, preparing and facilitating an online course. Gain insights on how this modality is different from (and the same) as on-ground teaching. Learn valuable lessons, tips and tricks from those who have already tried (with or without success).<\/p>\n<p>Hosted by Adam Brewer, Director of the Center for Excellence in Teaching and Learning. Moderated by Aura Lippincott, Instructional Designer<\/p>\n<p>Panelists:<\/p>\n<ul>\n<li>Eileen Campbell, EdD, APRN, ACNS-BC, Assistant Professor, Undergraduate Coordinator, Department of Nursing<\/li>\n<li>Bruce Dunbar, MA, Adjunct Professor, Photography, Department of Art<\/li>\n<li>Kristin A. Giamanco, PhD, Assistant Professor, Department of Biological and Environmental Sciences<\/li>\n<li>Stephanie Kuhn, PhD, Assistant Professor, Coordinator ABA Program, Department of Education<\/li>\n<\/ul>\n<\/div><\/li><li class=\"listing-item\"><a class=\"title\" href=\"https:\/\/www.wcsu.edu\/celt\/2020\/03\/30\/celt-podcast-dr-caitlin-faas\/\">CELT Podcast: Dr. Caitlin Faas<\/a> <span class=\"date\">(3\/30\/2020)<\/span><div class=\"content\"><h2>Self-Care in the Time of Coronavirus<\/h2>\n<p><a href=\"https:\/\/www.dropbox.com\/s\/rhd5ua6lzdclqb9\/zoom_0.mp4?dl=0\">Click to listen to the podcast with Dr. Caitlin Faas<\/a><\/p>\n<figure class=\"wp-block-image size-large\"><a href=\"https:\/\/www.dropbox.com\/s\/rhd5ua6lzdclqb9\/zoom_0.mp4?dl=0\"><img loading=\"lazy\" decoding=\"async\" class=\"alignnone wp-image-710\" src=\"https:\/\/www.wcsu.edu\/celt\/wp-content\/uploads\/sites\/152\/2020\/09\/faas.jpg\" alt=\"\" width=\"300\" height=\"300\" srcset=\"https:\/\/www.wcsu.edu\/celt\/wp-content\/uploads\/sites\/152\/2020\/09\/faas.jpg 500w, https:\/\/www.wcsu.edu\/celt\/wp-content\/uploads\/sites\/152\/2020\/09\/faas-300x300.jpg 300w, https:\/\/www.wcsu.edu\/celt\/wp-content\/uploads\/sites\/152\/2020\/09\/faas-150x150.jpg 150w\" sizes=\"auto, (max-width: 300px) 100vw, 300px\" \/><\/a><\/figure>\n<hr class=\"wp-block-separator\" \/>\n<p>Caitlin Faas is an associate professor and department chair of psychology at Mount St. Mary\u2019s University in Emmitsburg, MD. She earned her Ph.D. in Human Development and Family Science from Virginia Tech with a specialization in child and adolescent development. Her research has focused on emerging adulthood and educational outcomes. She is also a certified life and weight coach through The Life Coach School. Follow her work at\u00a0<a href=\"https:\/\/nam03.safelinks.protection.outlook.com\/?url=http%3A%2F%2Fwww.drcaitlinfaas.com%2F&amp;data=02%7C01%7Cbrewera%40wcsu.edu%7C7790f7c404dc4563aa8b08d7d282a5e0%7Ce1622dbc94ba48ad87bba7f28074ee3d%7C0%7C0%7C637209330911038953&amp;sdata=fkklR9MniJEUYzaNkzlrg2hvIWvVxm%2FbTNr9rLNj6ao%3D&amp;reserved=0\" target=\"_blank\" rel=\"noreferrer noopener\">http:\/\/www.drcaitlinfaas.com\/<\/a><\/p>\n<\/div><\/li><li class=\"listing-item\"><a class=\"title\" href=\"https:\/\/www.wcsu.edu\/celt\/2020\/03\/24\/celt-podcast-dr-mirari-elcoro\/\">CELT Podcast: Dr. Mirari\u00a0Elcoro<\/a> <span class=\"date\">(3\/24\/2020)<\/span><div class=\"content\"><h3 class=\"entry-header\">Bringing the Laboratory (Live or Virtual) into the Classroom<\/h3>\n<div class=\"entry-content\">\n<p><a href=\"https:\/\/www.dropbox.com\/s\/zekm2v9hmoi40uo\/CELT%202019-12-10.wav?dl=0\">Click to listen to the podcast with Dr. Mirari Elcoro<\/a><\/p>\n<figure class=\"wp-block-image size-medium\"><a href=\"https:\/\/www.dropbox.com\/s\/zekm2v9hmoi40uo\/CELT%202019-12-10.wav?dl=0\"><img loading=\"lazy\" decoding=\"async\" class=\"alignnone wp-image-713\" src=\"https:\/\/www.wcsu.edu\/celt\/wp-content\/uploads\/sites\/152\/2020\/09\/thumbnail_dsc_8704-2.jpg\" alt=\"\" width=\"174\" height=\"350\" srcset=\"https:\/\/www.wcsu.edu\/celt\/wp-content\/uploads\/sites\/152\/2020\/09\/thumbnail_dsc_8704-2.jpg 636w, https:\/\/www.wcsu.edu\/celt\/wp-content\/uploads\/sites\/152\/2020\/09\/thumbnail_dsc_8704-2-149x300.jpg 149w, https:\/\/www.wcsu.edu\/celt\/wp-content\/uploads\/sites\/152\/2020\/09\/thumbnail_dsc_8704-2-509x1024.jpg 509w\" sizes=\"auto, (max-width: 174px) 100vw, 174px\" \/><\/a><\/figure>\n<hr class=\"wp-block-separator\" \/>\n<p>In this podcast,\u00a0<a href=\"https:\/\/www.researchgate.net\/profile\/Mirari_Elcoro\">Dr. Mirari Elcoro<\/a>, our featured speaker from Framingham State University, will discuss her scholarship of teaching and learning. She will narrate her development and motivation for evaluating and disseminating the effects of bringing the laboratory (live or virtual) into the classroom. Lastly, she will highlight her current project aimed at identifying best practices for facilitating effective studying habits for students.<\/p>\n<hr class=\"wp-block-separator\" \/>\n<p>Dr. Mirari Elcoro is an Assistant Professor of Psychology in the Department of Psychology and Philosophy at Framingham State University. She obtained a doctorate degree in Psychology, with focus in Behavior Analysis, from West Virginia University. She is a Governor\u2019s Teaching Fellow from the Institute of Higher Education at the University of Georgia, and has been nominated to the Georgia Regents\u2019 Excellence in Teaching Award by Armstrong State University (Savannah, GA) where she taught for nine years. She is also a Board Certified Behavior Analyst (BCBA-D). Dr. Elcoro serves in the editorial board of the Mexican Journal of Behavior Analysis.<\/p>\n<p>As a teacher scholar, Dr. Elcoro is passionate and invested in the scholarship of teaching and learning. She studies teaching as one of her scholarship interests. Her interest in not only in the behavior of teaching, but also in the academic and professional behaviors of her students (e.g., studying). Several of her projects focus on improving engagement in the classroom. One recent project, titled Bringing the Laboratory into the Classroom, is aimed at improving the understanding and appreciation of scientific concepts in the psychology classroom. She is also currently involved in examining the use of guided notes in undergraduate education.<\/p>\n<p>Within the experimental analysis of behavior Dr. Elcoro is interested in the study of temporal control, delay of reinforcement, behavioral pharmacology, and resurgence of operant behavior. Dr. Elcoro is also interested in the intersections between behavior analysis and neuroscience. She co-founded the minor in Neuroscience at Armstrong State University and currently teaches in the Minor in Neuroscience at Framingham State University.<\/p>\n<p><strong>Publications in the Scholarship of Teaching and Learning:<\/strong><\/p>\n<p>Elcoro, M., Broughton, K., &amp; Hebert, L. Guided notes in undergraduate instruction. International Journal of Scholarship of Teaching and Learning. Under Revision (Revise &amp; Resubmit). Working on Revisions.<\/p>\n<p><a href=\"https:\/\/journals.sagepub.com\/doi\/abs\/10.1177\/0098628314562681\">Elcoro, M. &amp; McCarley, N. (2015). This old thing? Using old laboratory equipment to enhance psychology courses. Teaching of Psychology, 42(1), 69-72. doi:10.1177\/0098628314562681<\/a><\/p>\n<p><a href=\"https:\/\/eric.ed.gov\/?id=EJ1135232\">Elcoro, M., &amp; Trundle, M. B. (2013). Student preferences for live versus virtual rats in a learning course. International Journal for the Scholarship of Teaching and Learning, 7 (1), 1-13. Retrieved from http:\/\/academics.georgiasouthern.edu\/ijsotl\/v7n1.html<\/a><\/p>\n<p><a href=\"https:\/\/www.researchgate.net\/publication\/270509444_Effects_of_kava-kava_on_aggressive_behavior_of_siamese_fighting_fish_A_laboratory_research_project_for_psychology_undergraduates\">Elcoro, M. &amp; Eagle, J. (2011). Efecto de la kava-kava en la conducta agresiva de peces betta splendens: una t\u00e9cnica para la pr\u00e1ctica de laboratorio de pregrado en Psicolog\u00eda. [Effects of kava-kava on aggressive behavior of Siamese fighting fish: A laboratory research project for psychology undergraduates]. Analog\u00edas del Comportamiento, 12, 73-90.<\/a><\/p>\n<p><em>Special thanks to Peter Puccio for recording this podcast.<\/em><\/p>\n<\/div>\n<\/div><\/li><\/ul>\n","protected":false},"excerpt":{"rendered":"","protected":false},"author":110,"featured_media":0,"parent":0,"menu_order":0,"comment_status":"closed","ping_status":"closed","template":"","meta":{"footnotes":""},"class_list":["post-972","page","type-page","status-publish","hentry"],"_links":{"self":[{"href":"https:\/\/www.wcsu.edu\/celt\/wp-json\/wp\/v2\/pages\/972","targetHints":{"allow":["GET"]}}],"collection":[{"href":"https:\/\/www.wcsu.edu\/celt\/wp-json\/wp\/v2\/pages"}],"about":[{"href":"https:\/\/www.wcsu.edu\/celt\/wp-json\/wp\/v2\/types\/page"}],"author":[{"embeddable":true,"href":"https:\/\/www.wcsu.edu\/celt\/wp-json\/wp\/v2\/users\/110"}],"replies":[{"embeddable":true,"href":"https:\/\/www.wcsu.edu\/celt\/wp-json\/wp\/v2\/comments?post=972"}],"version-history":[{"count":0,"href":"https:\/\/www.wcsu.edu\/celt\/wp-json\/wp\/v2\/pages\/972\/revisions"}],"wp:attachment":[{"href":"https:\/\/www.wcsu.edu\/celt\/wp-json\/wp\/v2\/media?parent=972"}],"curies":[{"name":"wp","href":"https:\/\/api.w.org\/{rel}","templated":true}]}}