{"id":62,"date":"2018-10-18T17:41:56","date_gmt":"2018-10-18T17:41:56","guid":{"rendered":"http:\/\/wcsu.wpengine.com\/committees-prc\/?page_id=62"},"modified":"2018-10-18T17:42:08","modified_gmt":"2018-10-18T17:42:08","slug":"october","status":"publish","type":"page","link":"https:\/\/www.wcsu.edu\/committees-prc\/minutes\/2017-2018\/october\/","title":{"rendered":"Minutes: October 9, 2017"},"content":{"rendered":"<p style=\"text-align: center;\">Western Connecticut State University<br \/>\nMacricostas School of Arts and Sciences<br \/>\nProgram Review Committee<br \/>\nMinutes from October 9, 2017 at 3:00 pm in Warner Hall 315<\/p>\n<p>Present: Paul Echeverria, Jessica Eckstein, Rondall Khoo, Rotua Lumbantobing, Helena Prieto, Forest Robertson, \u00c7i\u011fdem \u00dcsekes.<\/p>\n<p>Visitors: Pat Boily, Howell Williams.<\/p>\n<p>Scribe: Rotua Lumbantobing.<\/p>\n<p><strong>Old Business:<\/strong><\/p>\n<ol>\n<li>September meeting minutes were approved unanimously (\u00c7\u00dc\/JE) with corrections:\n<ol style=\"list-style-type: lower-alpha;\">\n<li>Correction to the spelling of \u00c7i\u011fdem\u2019s name.<\/li>\n<li>Item 2c, ART\/DIMA 2XY Fundamentals of Imaging Software 2 (CD1617199), needed revisions and hence was rejected in the system (so it can be resubmitted).<\/li>\n<\/ol>\n<\/li>\n<\/ol>\n<p><strong>New Business:<\/strong><\/p>\n<ol>\n<li>Proposal from Biology and Environmental Sciences:<br \/>\nNew course BIO 2xx, Scientific Inquiry in the field for Biology majors. Comments on structure of the proposal and the description of the Scientific Inquiry competency. Details on textbook and grading policy should not be included in the proposal. Proposal was approved unanimously pending these corrections (RK\/JE).<\/li>\n<li>Proposals from Digital Interactive Media Arts:\n<ol style=\"list-style-type: lower-alpha;\">\n<li>DIMA addition of art option (CD 1718025): there was no Arts Dept. approval. Proposal was approved unanimously pending the inclusion of the approval (JE\/FR).<\/li>\n<li>ART\/DIMA 2XX (CD1718028) &amp; ART\/DIMA 2XY (CD1718027): both needed to be course outline, not syllabus. Revisions are necessary on various items in both<\/li>\n<li>proposals. Motion to vote electronically on revised proposals later was approved unanimously (RK\/\u00c7\u00dc).<\/li>\n<\/ol>\n<\/li>\n<li>Proposal from Social Sciences:\n<ol style=\"list-style-type: lower-alpha;\">\n<li>ANT 229 (CD1718012), ANT\/SOC major changes (CD1718017), and Social Sciences major changes (CD1718018) were tabled (HP\/\u00c7\u00dc, unanimous).<\/li>\n<li>Adding competencies for PS 100 (CD1718020), PS 102 (CD1718021), PS 104 (CD1718022): course outlines need to be revised, especially for PS 100 &amp; 102 to<\/li>\n<li>recognize the need to update them to keep current. Description for Intercultural competency for PS 100 and PS 104 needs to be updated. Also, the Oral Communication competency did not seem to be a good fit. It was suggested to change it to Critical Thinking competency. Proposals were rejected (RK\/HP, unanimous). They will be resubmitted with the suggested revisions.<\/li>\n<\/ol>\n<\/li>\n<\/ol>\n<p>Meeting was adjourned at 4:20 pm.<\/p>\n<p>Addendum:<br \/>\nRevised proposals for CD1718028 and CD1718027 proposals (see item 2 above) were approved unanimously via electronic voting.<\/p>\n<p>Respectfully submitted,<br \/>\nRotua Lumbantobing<\/p>\n","protected":false},"excerpt":{"rendered":"<p>Western Connecticut State University Macricostas School of Arts and Sciences Program Review Committee Minutes from October 9, 2017 at 3:00 pm in Warner Hall 315 Present: Paul Echeverria, Jessica Eckstein, Rondall Khoo, Rotua Lumbantobing, Helena Prieto, Forest Robertson, \u00c7i\u011fdem \u00dcsekes. &hellip;<\/p>\n","protected":false},"author":4,"featured_media":0,"parent":55,"menu_order":0,"comment_status":"closed","ping_status":"closed","template":"","meta":{"footnotes":""},"class_list":["post-62","page","type-page","status-publish","hentry"],"_links":{"self":[{"href":"https:\/\/www.wcsu.edu\/committees-prc\/wp-json\/wp\/v2\/pages\/62","targetHints":{"allow":["GET"]}}],"collection":[{"href":"https:\/\/www.wcsu.edu\/committees-prc\/wp-json\/wp\/v2\/pages"}],"about":[{"href":"https:\/\/www.wcsu.edu\/committees-prc\/wp-json\/wp\/v2\/types\/page"}],"author":[{"embeddable":true,"href":"https:\/\/www.wcsu.edu\/committees-prc\/wp-json\/wp\/v2\/users\/4"}],"replies":[{"embeddable":true,"href":"https:\/\/www.wcsu.edu\/committees-prc\/wp-json\/wp\/v2\/comments?post=62"}],"version-history":[{"count":0,"href":"https:\/\/www.wcsu.edu\/committees-prc\/wp-json\/wp\/v2\/pages\/62\/revisions"}],"up":[{"embeddable":true,"href":"https:\/\/www.wcsu.edu\/committees-prc\/wp-json\/wp\/v2\/pages\/55"}],"wp:attachment":[{"href":"https:\/\/www.wcsu.edu\/committees-prc\/wp-json\/wp\/v2\/media?parent=62"}],"curies":[{"name":"wp","href":"https:\/\/api.w.org\/{rel}","templated":true}]}}