{"id":2404,"date":"2025-12-26T16:09:28","date_gmt":"2025-12-26T16:09:28","guid":{"rendered":"https:\/\/www.wcsu.edu\/ehs\/?page_id=2404"},"modified":"2026-03-24T13:01:17","modified_gmt":"2026-03-24T17:01:17","slug":"custodian-ppe-assessments","status":"publish","type":"page","link":"https:\/\/www.wcsu.edu\/ehs\/custodian-ppe-assessments\/","title":{"rendered":"Custodian &#8211; PPE Assessments"},"content":{"rendered":"<p><span style=\"color: #002856;font-size: 12pt\"><strong>Click the link below to view the full PPE assessment for specific job tasks<\/strong><\/span><\/p>\n<p>&nbsp;<\/p>\n<p><span style=\"font-size: 12pt\"><strong><span style=\"color: #002856\">English<\/span><\/strong><\/span><\/p>\n<p><em><strong><span style=\"color: #003da6;font-size: 12pt\"><a href=\"https:\/\/www.wcsu.edu\/ehs\/wp-content\/uploads\/sites\/169\/2025\/12\/Custodian-PPE-Assessments-Changing-Light-Bulbs.pdf\" target=\"_blank\" rel=\"noopener\">Custodian PPE Assessments &#8211; Changing Light Bulbs<\/a><\/span><\/strong><\/em><\/p>\n<p><em><strong><span style=\"color: #003da6;font-size: 12pt\"><a href=\"https:\/\/www.wcsu.edu\/ehs\/wp-content\/uploads\/sites\/169\/2026\/01\/Custodian-PPE-Assessments-Cleaning-Bodily-Fluids.pdf\" target=\"_blank\" rel=\"noopener\">Custodian PPE Assessments &#8211; Cleaning Bodily Fluids<\/a><\/span><\/strong><\/em><\/p>\n<p><em><strong><span style=\"color: #003da6;font-size: 12pt\"><a href=\"https:\/\/www.wcsu.edu\/ehs\/wp-content\/uploads\/sites\/169\/2026\/01\/Custodian-PPE-Assessments-Diluting-and-Dispensing-Cleaning-Chemicals.pdf\" target=\"_blank\" rel=\"noopener\">Custodian PPE Assessments &#8211; Diluting and Dispensing Chemicals<\/a><\/span><\/strong><\/em><\/p>\n<p><em><strong><span style=\"color: #003da6;font-size: 12pt\"><a href=\"https:\/\/www.wcsu.edu\/ehs\/wp-content\/uploads\/sites\/169\/2026\/01\/Custodian-PPE-Assessments-Handheld-Power-Tools.pdf\" target=\"_blank\" rel=\"noopener\">Custodian PPE Assessments &#8211; Handheld Power Tools<\/a><\/span><\/strong><\/em><\/p>\n<p><em><strong><span style=\"color: #003da6;font-size: 12pt\"><a href=\"https:\/\/www.wcsu.edu\/ehs\/wp-content\/uploads\/sites\/169\/2026\/01\/Custodian-PPE-Assessments-Stripping-Floors.pdf\" target=\"_blank\" rel=\"noopener\">Custodian PPE Assessments &#8211; Stripping Floors<\/a><\/span><\/strong><\/em><\/p>\n<p>&nbsp;<\/p>\n<p><span style=\"font-size: 12pt\"><strong><span style=\"color: #002856\">Espa\u00f1ol<\/span><\/strong><\/span><\/p>\n<p><em><strong><span style=\"color: #003da6;font-size: 12pt\"><a href=\"https:\/\/www.wcsu.edu\/ehs\/wp-content\/uploads\/sites\/169\/2026\/01\/Custodian-PPE-Assessments-Changing-Light-Bulbs-SPANISH.pdf\" target=\"_blank\" rel=\"noopener\">Evaluaciones de EPP para el departamento de limpieza &#8211; Cambio de bombillas<\/a><\/span><\/strong><\/em><\/p>\n<p><em><strong><span style=\"color: #003da6;font-size: 12pt\"><a href=\"https:\/\/www.wcsu.edu\/ehs\/wp-content\/uploads\/sites\/169\/2026\/01\/Custodian-PPE-Assessments-Cleaning-Bodily-Fluids-SPANISH.pdf\" target=\"_blank\" rel=\"noopener\">Evaluaciones de EPP para el departamento de limpieza &#8211; Limpieza de fluidos corporales<\/a><\/span><\/strong><\/em><\/p>\n<p><em><strong><span style=\"color: #003da6;font-size: 12pt\"><a href=\"https:\/\/www.wcsu.edu\/ehs\/wp-content\/uploads\/sites\/169\/2026\/01\/Custodian-PPE-Assessments-Diluting-and-Dispensing-Cleaning-Chemicals-SPANISH.pdf\" target=\"_blank\" rel=\"noopener\">Evaluaciones de EPP para el departamento de limpieza &#8211; Diluci\u00f3n y dispensaci\u00f3n de productos qu\u00edmicos de limpieza<\/a><\/span><\/strong><\/em><\/p>\n<p><em><strong><span style=\"color: #003da6;font-size: 12pt\"><a href=\"https:\/\/www.wcsu.edu\/ehs\/wp-content\/uploads\/sites\/169\/2026\/01\/Custodian-PPE-Assessments-Handheld-Power-Tools-SPANISH.pdf\" target=\"_blank\" rel=\"noopener\">Evaluaciones de EPP para el departamento de limpieza &#8211; Usando herramientas el\u00e9ctricas port\u00e1tiles<\/a><\/span><\/strong><\/em><\/p>\n<p><em><strong><span style=\"color: #003da6;font-size: 12pt\"><a href=\"https:\/\/www.wcsu.edu\/ehs\/wp-content\/uploads\/sites\/169\/2026\/01\/Custodian-PPE-Assessments-Stripping-Floors-SPANISH.pdf\" target=\"_blank\" rel=\"noopener\">Evaluaciones de EPP para el departamento de limpieza &#8211; Decapado de pisos<\/a><\/span><\/strong><\/em><\/p>\n<p>&nbsp;<\/p>\n<p><span style=\"font-size: 12pt\"><strong><span style=\"color: #002856\">Portuguese &#8211; Coming Soon<\/span><\/strong><\/span><\/p>\n","protected":false},"excerpt":{"rendered":"<p>Click the link below to view the full PPE assessment for specific job tasks &nbsp; English Custodian PPE Assessments &#8211; Changing Light Bulbs Custodian PPE Assessments &#8211; Cleaning Bodily Fluids Custodian PPE Assessments &#8211; Diluting and Dispensing Chemicals Custodian PPE &hellip;<\/p>\n","protected":false},"author":409,"featured_media":0,"parent":0,"menu_order":0,"comment_status":"closed","ping_status":"closed","template":"","meta":{"footnotes":""},"class_list":["post-2404","page","type-page","status-publish","hentry"],"_links":{"self":[{"href":"https:\/\/www.wcsu.edu\/ehs\/wp-json\/wp\/v2\/pages\/2404","targetHints":{"allow":["GET"]}}],"collection":[{"href":"https:\/\/www.wcsu.edu\/ehs\/wp-json\/wp\/v2\/pages"}],"about":[{"href":"https:\/\/www.wcsu.edu\/ehs\/wp-json\/wp\/v2\/types\/page"}],"author":[{"embeddable":true,"href":"https:\/\/www.wcsu.edu\/ehs\/wp-json\/wp\/v2\/users\/409"}],"replies":[{"embeddable":true,"href":"https:\/\/www.wcsu.edu\/ehs\/wp-json\/wp\/v2\/comments?post=2404"}],"version-history":[{"count":0,"href":"https:\/\/www.wcsu.edu\/ehs\/wp-json\/wp\/v2\/pages\/2404\/revisions"}],"wp:attachment":[{"href":"https:\/\/www.wcsu.edu\/ehs\/wp-json\/wp\/v2\/media?parent=2404"}],"curies":[{"name":"wp","href":"https:\/\/api.w.org\/{rel}","templated":true}]}}