{"id":795,"date":"2021-11-18T14:01:28","date_gmt":"2021-11-18T14:01:28","guid":{"rendered":"https:\/\/www.wcsu.edu\/ehs\/?page_id=795"},"modified":"2026-04-09T12:59:11","modified_gmt":"2026-04-09T16:59:11","slug":"spill-response-prevention","status":"publish","type":"page","link":"https:\/\/www.wcsu.edu\/ehs\/spill-response-prevention\/","title":{"rendered":"Spill Response and Prevention"},"content":{"rendered":"<div id=\"pl-795\"  class=\"panel-layout\" ><div id=\"pg-795-0\"  class=\"panel-grid panel-no-style\" ><div id=\"pgc-795-0-0\"  class=\"panel-grid-cell\" ><div id=\"panel-795-0-0-0\" class=\"so-panel widget widget_sow-button panel-first-child panel-last-child\" data-index=\"0\" ><div\n\t\t\t\n\t\t\tclass=\"so-widget-sow-button so-widget-sow-button-flat-f7d017531ab7-795\"\n\t\t\t\n\t\t><div class=\"ow-button-base ow-button-align-center\"\n>\n\t\t\t<a\n\t\t\t\t\thref=\"https:\/\/www.wcsu.edu\/ehs\/\"\n\t\t\t\t\tclass=\"sowb-button ow-icon-placement-left ow-button-hover\" \t>\n\t\t<span>\n\t\t\t<span class=\"sow-icon-fontawesome sow-far\" data-sow-icon=\"&#xf359;\"\n\t\tstyle=\"color: #d9d8d6\" \n\t\taria-hidden=\"true\"><\/span>\n\t\t\tBack to EHS Homepage\t\t<\/span>\n\t\t\t<\/a>\n\t<\/div>\n<\/div><\/div><\/div><\/div><div id=\"pg-795-1\"  class=\"panel-grid panel-no-style\" ><div id=\"pgc-795-1-0\"  class=\"panel-grid-cell\" ><div id=\"panel-795-1-0-0\" class=\"so-panel widget widget_sow-editor panel-first-child\" data-index=\"1\" ><div\n\t\t\t\n\t\t\tclass=\"so-widget-sow-editor so-widget-sow-editor-base\"\n\t\t\t\n\t\t>\n<div class=\"siteorigin-widget-tinymce textwidget\">\n\t<h1><strong><span style=\"font-size: 18pt;color: #003da6\">SPILL RESPONSE AND PREVENTION<\/span><\/strong><\/h1>\n<p><span style=\"font-size: 12pt;color: #051c2c\">EHS seeks to prevent the accidental release of hazardous materials through training and responsible policy.\u00a0However, in the case that a spill does occur, we are available to assist with response and clean up. EHS maintains a stock of PPE and spill kits around campus to address chemical and biological spills.<\/span><\/p>\n<p><span style=\"font-size: 12pt;color: #051c2c\">If you notice a release of hazardous materials, reach out to EHS immediately.\u00a0Do not attempt to clean up materials without proper authorization.\u00a0Move yourself to a safe area and prevent others from entering until EHS can clear the area.<\/span><\/p>\n<hr \/>\n<h2><strong><span style=\"font-size: 14pt;color: #002856\">ADDITIONAL RESOURCES (CLICK TO OPEN)<\/span><\/strong><\/h2>\n<\/div>\n<\/div><\/div><div id=\"panel-795-1-0-1\" class=\"so-panel widget widget_sow-editor panel-last-child\" data-index=\"2\" ><div\n\t\t\t\n\t\t\tclass=\"so-widget-sow-editor so-widget-sow-editor-base\"\n\t\t\t\n\t\t>\n<div class=\"siteorigin-widget-tinymce textwidget\">\n\t<h2><strong><span style=\"font-size: 14pt;color: #002856\">GENERAL<\/span><\/strong><\/h2>\n<p><strong><em><span style=\"color: #003da6;font-size: 12pt\"><a href=\"https:\/\/www.wcsu.edu\/ehs\/wp-content\/uploads\/sites\/169\/2026\/04\/S-103A-Bloodborne-Pathogen-Exposure-Control-Plan-Custodial-Services.pdf\" target=\"_blank\" rel=\"noopener\">Bloodborne Pathogen Exposure Control Plan: Custodial Services<\/a><\/span><\/em><\/strong><\/p>\n<p><strong><em><span style=\"color: #003da6;font-size: 12pt\"><a href=\"https:\/\/www.wcsu.edu\/ehs\/wp-content\/uploads\/sites\/169\/2025\/04\/Chemical-Hygiene-Plan.pdf\" target=\"_blank\" rel=\"noopener\">Chemical Hygiene Plan<\/a><\/span><\/em><\/strong><\/p>\n<p><strong><em><span style=\"color: #003da6;font-size: 12pt\"><a href=\"https:\/\/www.wcsu.edu\/ehs\/wp-content\/uploads\/sites\/169\/2025\/04\/Hazardous-Waste-Contigency-Plan-1.pdf\" target=\"_blank\" rel=\"noopener\">Hazardous Waste Contingency Plan<\/a><\/span><\/em><\/strong><\/p>\n<p>&nbsp;<\/p>\n<h2><strong><span style=\"font-size: 14pt;color: #002856\">BLOODBORNE PATHOGENS RESOURCES<\/span><\/strong><\/h2>\n<p><strong><em><span style=\"color: #003da6;font-size: 12pt\"><a href=\"https:\/\/www.wcsu.edu\/ehs\/wp-content\/uploads\/sites\/169\/2026\/04\/Bloodborne-Pathogen-Training-Slides.pdf\" target=\"_blank\" rel=\"noopener\">Bloodborne Pathogen Training Slideshow<\/a><\/span><\/em><\/strong><\/p>\n<p>&nbsp;<\/p>\n<p><strong><em><span style=\"color: #003da6;font-size: 12pt\"><a href=\"https:\/\/www.wcsu.edu\/ehs\/wp-content\/uploads\/sites\/169\/2021\/11\/HB-Vac-Declination-Form-English-blank.docx\" target=\"_blank\" rel=\"noopener\">Hepatitis B Declination Form<\/a><\/span><\/em><\/strong><\/p>\n<p><strong><em><span style=\"color: #003da6;font-size: 12pt\"><a href=\"https:\/\/www.wcsu.edu\/ehs\/wp-content\/uploads\/sites\/169\/2021\/11\/Hep-B-Declination-form-B-Spanish.docx\" target=\"_blank\" rel=\"noopener\">Hepatitis B Declination Form (Spanish Translated) Formulario de rechazo de la hepatitis B (traducido al espa\u00f1ol)<\/a><\/span><\/em><\/strong><\/p>\n<p><strong><em><span style=\"color: #003da6;font-size: 12pt\"><a href=\"https:\/\/www.wcsu.edu\/ehs\/wp-content\/uploads\/sites\/169\/2021\/11\/Hep-B-Declination-Form-Portuguese.docx\" target=\"_blank\" rel=\"noopener\">Hepatitis B Declination Form (Portuguese Translated) Formul\u00e1rio de declina\u00e7\u00e3o da hepatite B (traduzido para o portugu\u00eas)<\/a><\/span><\/em><\/strong><\/p>\n<p>&nbsp;<\/p>\n<\/div>\n<\/div><\/div><\/div><\/div><\/div>","protected":false},"excerpt":{"rendered":"<p>SPILL RESPONSE AND PREVENTION EHS seeks to prevent the accidental release of hazardous materials through training and responsible policy.\u00a0However, in the case that a spill does occur, we are available to assist with response and clean up. EHS maintains a &hellip;<\/p>\n","protected":false},"author":206,"featured_media":0,"parent":0,"menu_order":0,"comment_status":"closed","ping_status":"closed","template":"","meta":{"footnotes":""},"class_list":["post-795","page","type-page","status-publish","hentry"],"_links":{"self":[{"href":"https:\/\/www.wcsu.edu\/ehs\/wp-json\/wp\/v2\/pages\/795","targetHints":{"allow":["GET"]}}],"collection":[{"href":"https:\/\/www.wcsu.edu\/ehs\/wp-json\/wp\/v2\/pages"}],"about":[{"href":"https:\/\/www.wcsu.edu\/ehs\/wp-json\/wp\/v2\/types\/page"}],"author":[{"embeddable":true,"href":"https:\/\/www.wcsu.edu\/ehs\/wp-json\/wp\/v2\/users\/206"}],"replies":[{"embeddable":true,"href":"https:\/\/www.wcsu.edu\/ehs\/wp-json\/wp\/v2\/comments?post=795"}],"version-history":[{"count":0,"href":"https:\/\/www.wcsu.edu\/ehs\/wp-json\/wp\/v2\/pages\/795\/revisions"}],"wp:attachment":[{"href":"https:\/\/www.wcsu.edu\/ehs\/wp-json\/wp\/v2\/media?parent=795"}],"curies":[{"name":"wp","href":"https:\/\/api.w.org\/{rel}","templated":true}]}}