{"id":2653,"date":"2025-09-05T15:54:18","date_gmt":"2025-09-05T15:54:18","guid":{"rendered":"https:\/\/www.wcsu.edu\/music\/?page_id=2653"},"modified":"2025-09-05T15:54:18","modified_gmt":"2025-09-05T15:54:18","slug":"john-bellemer","status":"publish","type":"page","link":"https:\/\/www.wcsu.edu\/music\/john-bellemer\/","title":{"rendered":"John Bellemer"},"content":{"rendered":"<p><span class=\"inlineheader\">Adjunct Instructor of Music<\/span><br \/>\n<em>Applied Voice<\/em><\/p>\n<p>American tenor, John Bellemer, has gained a reputation for his strong portrayals in an ever-widening range of repertoire. With a voice the New York Times called &#8220;clarion-toned&#8221;, he continues to appear in leading roles with opera houses, orchestras, and music festivals across North America and Europe. John is also featured in Steven Spielberg\u2019s Academy Award nominated film \u201cLincoln\u201d as Gounod\u2019s <i>Faust<\/i>. <img fetchpriority=\"high\" decoding=\"async\" class=\"size-medium wp-image-2656 alignright\" src=\"https:\/\/www.wcsu.edu\/music\/wp-content\/uploads\/sites\/73\/2025\/09\/Bellemer_John-_009_xret-copy-200x300.jpg\" alt=\"\" width=\"200\" height=\"300\" srcset=\"https:\/\/www.wcsu.edu\/music\/wp-content\/uploads\/sites\/73\/2025\/09\/Bellemer_John-_009_xret-copy-200x300.jpg 200w, https:\/\/www.wcsu.edu\/music\/wp-content\/uploads\/sites\/73\/2025\/09\/Bellemer_John-_009_xret-copy-682x1024.jpg 682w, https:\/\/www.wcsu.edu\/music\/wp-content\/uploads\/sites\/73\/2025\/09\/Bellemer_John-_009_xret-copy-768x1154.jpg 768w, https:\/\/www.wcsu.edu\/music\/wp-content\/uploads\/sites\/73\/2025\/09\/Bellemer_John-_009_xret-copy-1022x1536.jpg 1022w, https:\/\/www.wcsu.edu\/music\/wp-content\/uploads\/sites\/73\/2025\/09\/Bellemer_John-_009_xret-copy-1363x2048.jpg 1363w, https:\/\/www.wcsu.edu\/music\/wp-content\/uploads\/sites\/73\/2025\/09\/Bellemer_John-_009_xret-copy-scaled.jpg 1704w\" sizes=\"(max-width: 200px) 100vw, 200px\" \/><\/p>\n<p>Recent engagements include Robert Mayo in the World Premier of Nicholas Flagello\u2019s opera <i>Beyond the Horizon<\/i> with Teatro Gratticielo (NYC); Don Ottavio in Opera Colorado\u2019s production of Mozart\u2019s <i>Don Giovanni,<\/i> the title role in Mascagni\u2019s <i>L\u2019amico Fritz<\/i> also with Teatro Gratticielo; debut appearances with the Missoula Symphony, Helena Symphony, and the Idaho Falls Symphony; a return to Detroit Opera as Duca di Mantova in Verdi\u2019s <i>Rigoletto<\/i>; Nadir in Bizet\u2019s <i>Les P\u00eacheurs de Perles <\/i>with North Carolina Opera; featured artist with both the Salt Bay Chamber Festival and the Chamber Music Society of Lincoln Center;<i> <\/i>Lysander in Hawaii Opera&#8217;s production of Britten&#8217;s <i>A Midsummer Night&#8217;s Dream;<\/i> Peter Quint in Britten&#8217;s <i>The Turn of the <\/i>Screw in Beijing; a return to the Wexford Festival as Gabriele in Foroni\u2019s <i>Cristina, Regina di Svezia; <\/i>and debuts with Teatro Reggio Torino, Teatro la Fenice (Venice), and Maggio Musicale Fiorentina (Florence).<\/p>\n<p>Other highlights include appearances in leading roles with Op\u00e9ra National de Bordeaux, Op\u00e9ra National de Lorraine, Op\u00e9ra de Rouen, New York City Opera, Vancouver Opera, Teatro San Carlo di Napoli, Teatro Lirico di Cagliari, Teatro delle Muse, Spoleto Festival dei Due Mondi, Op\u00e9ra de Rennes, Theater Erfurt, Stadttheater Giessen, Op\u00e9ra Royal de Wallonie, Estonian National Opera, and Teatro Arriaga.<\/p>\n<p>Committed to the art of the vocal recital, John has toured with pianist John Wustman, presenting &#8220;The Songs of Franz Schubert.&#8221; He holds a Master of Music in Vocal Performance from the University of Illinois, a Bachelor of Music in Vocal Performance from James Madison University, and in the fall of 2025 he joins Western Connecticut State University as Adjunct Professor of Voice. John lives in Hamden, CT with his wife, Sarah Blaze, and their two Parson Russell Terriers.<\/p>\n","protected":false},"excerpt":{"rendered":"<p>Adjunct Instructor of Music Applied Voice American tenor, John Bellemer, has gained a reputation for his strong portrayals in an ever-widening range of repertoire. With a voice the New York Times called &#8220;clarion-toned&#8221;, he continues to appear in leading roles &hellip;<\/p>\n","protected":false},"author":42,"featured_media":0,"parent":0,"menu_order":0,"comment_status":"closed","ping_status":"closed","template":"","meta":{"footnotes":"","_links_to":"","_links_to_target":""},"class_list":["post-2653","page","type-page","status-publish","hentry"],"_links":{"self":[{"href":"https:\/\/www.wcsu.edu\/music\/wp-json\/wp\/v2\/pages\/2653","targetHints":{"allow":["GET"]}}],"collection":[{"href":"https:\/\/www.wcsu.edu\/music\/wp-json\/wp\/v2\/pages"}],"about":[{"href":"https:\/\/www.wcsu.edu\/music\/wp-json\/wp\/v2\/types\/page"}],"author":[{"embeddable":true,"href":"https:\/\/www.wcsu.edu\/music\/wp-json\/wp\/v2\/users\/42"}],"replies":[{"embeddable":true,"href":"https:\/\/www.wcsu.edu\/music\/wp-json\/wp\/v2\/comments?post=2653"}],"version-history":[{"count":0,"href":"https:\/\/www.wcsu.edu\/music\/wp-json\/wp\/v2\/pages\/2653\/revisions"}],"wp:attachment":[{"href":"https:\/\/www.wcsu.edu\/music\/wp-json\/wp\/v2\/media?parent=2653"}],"curies":[{"name":"wp","href":"https:\/\/api.w.org\/{rel}","templated":true}]}}