{"id":819,"date":"2019-07-17T18:18:52","date_gmt":"2019-07-17T18:18:52","guid":{"rendered":"http:\/\/wcsu.wpengine.com\/news-archives\/rumba-clave-blen-blen-blen\/"},"modified":"2019-07-17T18:18:52","modified_gmt":"2019-07-17T18:18:52","slug":"rumba-clave-blen-blen-blen","status":"publish","type":"page","link":"https:\/\/www.wcsu.edu\/news-archives\/rumba-clave-blen-blen-blen\/","title":{"rendered":"WCSU 2017 &#8211; WCSU to screen Rumba Clave Blen Blen Blen"},"content":{"rendered":"<div id=\"content\">&#013;<\/p>\n<div id=\"sharingTools\"><!-- #include virtual=\"\/include\/sharingtools.inc\" --> &#013;\n            <\/div>\n<p>&#013;<br \/>\n    &#013;<\/p>\n<p><strong>DANBURY, CONN. <\/strong>\u2014 The <a href=\"https:\/\/www.wcsu.edu\/\">Western Connecticut State  University<\/a> <a href=\"https:\/\/www.wcsu.edu\/wll\/\">Department  of World Languages and Literature<\/a> (WLL) will screen the documentary \u201c<a href=\"http:\/\/www.imdb.com\/title\/tt3096662\/?ref_=nm_flmg_dr_1\">Rumba Clave Blen  Blen Blen<\/a>\u201d at 12:15 p.m. on <strong>Monday, April 17, 2017<\/strong>, in the Student Center Theater  on the university\u2019s Midtown campus, 181 White St. in Danbury. Following the  screening, director <a href=\"http:\/\/www.imdb.com\/name\/nm5849276\/\" target=\"_blank\" title=\"http:\/\/www.imdb.com\/name\/nm5849276\/\" rel=\"noopener noreferrer\">Ar\u00edstides Falc\u00f3n-Parad\u00ed<\/a> will discuss his work. The screening and discussion will be free and open to  the public. <\/p>\n<p>&#013;<\/p>\n<p>According  to the film\u2019s IMDBb, \u2018\u201cRumba Clave Blen Blen Blen\u2019  is a song of praise to the musical genre of rumba in New York City. It reveals  the vibrant Afro-Cuban culture of the city. In addition, the film unravels the  African and Andalusian origins of rumba and follows ordinary people and famous  musicians through the dances, drums, and clave rhythm of the genre. The film is  a poem of color and music, bringing to the surface the symbolic religious  cosmogonies of Bantu, Abakua, Yoruba and Arara traditions that have nourished  it. By paying homage to the grand masters of the genre, such as Chano Pozo and  his collaborations with Dizzy Gillespie, \u2018Rumba Clave Blen Blen Blen\u2019 is a  historical journey that traces the history of rumba in New York through the  words and music of scholars, producers, artists and renowned musicians who  continue to practice it today.\u201d <\/p>\n<p>&#013;<\/p>\n<p>WLL Department Chair <a href=\"https:\/\/www.wcsu.edu\/wll\/Bakhtiarova.asp\">Dr.  Galina Bakhtiarova<\/a> organized this event, and explained the importance of this  screening. \u201cWe firmly believe that learning about languages and cultures cannot  be separated, and we strive to bring cultural activities that highlight the  diversity not only abroad, but at home. This is what we will be showing at this  event.\u201d<\/p>\n<p>&#013;<br \/>\n      For more information, email Bakhtiarova at <u><a href=\"mailto:bakhtiarg@wcsu.edu\">bakhtiarg@wcsu.edu<\/a><\/u>. <\/p>\n<p>&#013;<\/p>\n<table border=\"0\" cellspacing=\"0\" cellpadding=\"0\" width=\"85\">\n<tr>\n<td width=\"85\" valign=\"top\" \/>&#013;<br \/>\n      <\/tr>\n<\/table>\n<p>\u00a0<\/p>\n<p>&#013;<\/p>\n<p>\u00a0<\/p>\n<p>&#013;<\/p>\n<p><em>Western Connecticut State University  offers outstanding faculty in a   range of quality academic programs. Our diverse  university community   provides students an enriching and supportive environment  that takes   advantage of the unique cultural offerings of Western Connecticut  and   New York. Our vision: To be an affordable public university with the    characteristics of New England\u2019s best small private  universities.<\/em><\/p>\n<p>&#013;<\/p>\n<div id=\"facebookShare\"><!-- #include virtual=\"\/include\/facebookshare.inc\" --><\/div>\n<p>&#013;\n        <\/p><\/div>\n","protected":false},"excerpt":{"rendered":"<p>&#013; &#013; &#013; &#013; DANBURY, CONN. \u2014 The Western Connecticut State University Department of World Languages and Literature (WLL) will screen the documentary \u201cRumba Clave Blen Blen Blen\u201d at 12:15 p.m. on Monday, April 17, 2017, in the Student Center &hellip;<\/p>\n","protected":false},"author":4,"featured_media":0,"parent":0,"menu_order":0,"comment_status":"closed","ping_status":"closed","template":"","meta":{"footnotes":""},"class_list":["post-819","page","type-page","status-publish","hentry"],"_links":{"self":[{"href":"https:\/\/www.wcsu.edu\/news-archives\/wp-json\/wp\/v2\/pages\/819","targetHints":{"allow":["GET"]}}],"collection":[{"href":"https:\/\/www.wcsu.edu\/news-archives\/wp-json\/wp\/v2\/pages"}],"about":[{"href":"https:\/\/www.wcsu.edu\/news-archives\/wp-json\/wp\/v2\/types\/page"}],"author":[{"embeddable":true,"href":"https:\/\/www.wcsu.edu\/news-archives\/wp-json\/wp\/v2\/users\/4"}],"replies":[{"embeddable":true,"href":"https:\/\/www.wcsu.edu\/news-archives\/wp-json\/wp\/v2\/comments?post=819"}],"version-history":[{"count":0,"href":"https:\/\/www.wcsu.edu\/news-archives\/wp-json\/wp\/v2\/pages\/819\/revisions"}],"wp:attachment":[{"href":"https:\/\/www.wcsu.edu\/news-archives\/wp-json\/wp\/v2\/media?parent=819"}],"curies":[{"name":"wp","href":"https:\/\/api.w.org\/{rel}","templated":true}]}}