{"id":25,"date":"2017-11-17T15:30:30","date_gmt":"2017-11-17T15:30:30","guid":{"rendered":"http:\/\/wcsu.wpengine.com\/philosophy\/events-and-announcements\/"},"modified":"2019-06-06T17:34:41","modified_gmt":"2019-06-06T17:34:41","slug":"events-and-announcements","status":"publish","type":"page","link":"https:\/\/www.wcsu.edu\/philosophy\/events-and-announcements\/","title":{"rendered":"Events and Announcements"},"content":{"rendered":"<p>&nbsp;<\/p>\n<h1 style=\"text-align: center\">What are some of our alumni doing?<\/h1>\n<p>A philosophy major alumna <strong>Sarah Wright<\/strong> is traveling to Peru in July on a responsible volunteering trip. Here&#8217;s more information:<\/p>\n<p><span style=\"font-weight: 400\">I recently graduated from WCSU in May 2018. I created a contract major in Philosophy, with a focus on applied ethics. I enjoy reading theories that define how we ought to look at our actions and thoughts from a moralistic viewpoint. I took classes that ranged from existentialism, death, law and legal theory, and sustainability. After graduation, I decided I&#8217;d rather travel and experience different cultures and lifestyles before applying to graduate school. I&#8217;ve become a member of a non-profit organization, called Operation Groundswell. Their philosophy is backpacking with a purpose, it promotes ethical travel with responsible volunteering. This summer I&#8217;ll be traveling to remote villages up in the Andes Mountains of Peru. I&#8217;ll be doing volunteer work on a sustainable farm, learning about traditional and organic agricultural practices. I&#8217;ve chosen to become a member of Operation Groundswell because I loved the idea of ethical travel. I became captivated by the idea of being able to travel to non-tourist areas. I greatly appreciated the aspect of being able to learn and experience the culture from the natives, and then help the villages with specific projects, all while being able to appreciate the beauty of the Andes Mountains. Before I depart, I&#8217;m trying to raise money for the villages I&#8217;ll be doing volunteer work at, and the donations will be used towards future projects. I&#8217;ve started fundraising within my town and place of work. The gratitude I have for being able to participate in experiencing the culture of Peru first hand is inexplicable. My journey to Peru will be filled with nothing but gratitude and love. <\/span><\/p>\n<p><span style=\"font-weight: 400\"><br \/>\n<img loading=\"lazy\" decoding=\"async\" class=\"alignnone wp-image-422 aligncenter\" src=\"http:\/\/wcsu.wpengine.com\/philosophy\/wp-content\/uploads\/sites\/86\/2019\/03\/Sarah-225x300.jpg\" alt=\"\" width=\"239\" height=\"319\" srcset=\"https:\/\/www.wcsu.edu\/philosophy\/wp-content\/uploads\/sites\/86\/2019\/03\/Sarah-225x300.jpg 225w, https:\/\/www.wcsu.edu\/philosophy\/wp-content\/uploads\/sites\/86\/2019\/03\/Sarah-768x1024.jpg 768w\" sizes=\"auto, (max-width: 239px) 100vw, 239px\" \/><\/span><\/p>\n<p style=\"text-align: center\"><span style=\"font-weight: 400\"><strong>If you want to help Sarah with her fundraising effort please <a href=\"https:\/\/www.gofundme.com\/responsible-volunteering-for-peru-communities\">click here<\/a><\/strong><\/span><\/p>\n<p style=\"text-align: center\"><span style=\"font-size: 12pt\"><strong><br \/>\n2019 Arts and Sciences Honors Convocation<\/strong><\/span><\/p>\n<p style=\"text-align: center\"><img loading=\"lazy\" decoding=\"async\" class=\"wp-image-462 aligncenter\" src=\"http:\/\/wcsu.wpengine.com\/philosophy\/wp-content\/uploads\/sites\/86\/2019\/06\/32815609617_e75926e496_o-214x300.jpg\" alt=\"\" width=\"453\" height=\"635\" srcset=\"https:\/\/www.wcsu.edu\/philosophy\/wp-content\/uploads\/sites\/86\/2019\/06\/32815609617_e75926e496_o-214x300.jpg 214w, https:\/\/www.wcsu.edu\/philosophy\/wp-content\/uploads\/sites\/86\/2019\/06\/32815609617_e75926e496_o-768x1075.jpg 768w, https:\/\/www.wcsu.edu\/philosophy\/wp-content\/uploads\/sites\/86\/2019\/06\/32815609617_e75926e496_o-731x1024.jpg 731w, https:\/\/www.wcsu.edu\/philosophy\/wp-content\/uploads\/sites\/86\/2019\/06\/32815609617_e75926e496_o.jpg 1500w\" sizes=\"auto, (max-width: 453px) 100vw, 453px\" \/><\/p>\n<p style=\"text-align: center\"><span style=\"font-size: 12pt\">Darcy Curillo, Outstanding Interdisciplinary Studies Major, and Dr. \u00c7i\u011fdem \u00dcsekes<\/span><\/p>\n<p>&nbsp;<\/p>\n<p style=\"text-align: center\"><span style=\"font-size: 12pt\"><strong>2018 Arts and Sciences Honors Convocation<\/strong><\/span><\/p>\n<p align=\"center\"><img loading=\"lazy\" decoding=\"async\" class=\"aligncenter wp-image-328 size-large\" src=\"http:\/\/wcsu.wpengine.com\/philosophy\/wp-content\/uploads\/sites\/86\/2018\/05\/41812377012_0336069179_k-1024x732.jpg\" alt=\"\" width=\"1024\" height=\"732\" srcset=\"https:\/\/www.wcsu.edu\/philosophy\/wp-content\/uploads\/sites\/86\/2018\/05\/41812377012_0336069179_k-1024x732.jpg 1024w, https:\/\/www.wcsu.edu\/philosophy\/wp-content\/uploads\/sites\/86\/2018\/05\/41812377012_0336069179_k-300x214.jpg 300w, https:\/\/www.wcsu.edu\/philosophy\/wp-content\/uploads\/sites\/86\/2018\/05\/41812377012_0336069179_k-768x549.jpg 768w, https:\/\/www.wcsu.edu\/philosophy\/wp-content\/uploads\/sites\/86\/2018\/05\/41812377012_0336069179_k.jpg 2048w\" sizes=\"auto, (max-width: 1024px) 100vw, 1024px\" \/><\/p>\n<p><span style=\"font-size: 12pt\">Left to right, standing: Amanda Vitti, Outstanding Philosophy Major; Nancy Xu, Outstanding Interdisciplinary Studies Major; Ciera Clarke, Outstanding Interdisciplinary Studies Major; Christo Hamilakis, Outstanding Philosophy Minor; Dr. Anna Malavisi, Outstanding Philosophy Professor<br \/>\nLeft to right, sitting: Honorah Creagh,\u00a0Outstanding Philosophy Minor; Alex Schick,\u00a0Outstanding Philosophy Major<\/span><\/p>\n<p>&nbsp;<\/p>\n<p style=\"text-align: center\"><span style=\"font-size: 12pt\"><strong>Our department flags (designed by Chris Michaels)<\/strong><\/span><\/p>\n<p style=\"text-align: center\"><strong><span style=\"font-size: 12pt\">the more pretentious version:<\/span><\/strong><\/p>\n<p style=\"text-align: center\"><img loading=\"lazy\" decoding=\"async\" class=\"alignnone wp-image-352\" src=\"http:\/\/wcsu.wpengine.com\/philosophy\/wp-content\/uploads\/sites\/86\/2018\/08\/morePretentiousFlag-300x300.jpg\" alt=\"\" width=\"520\" height=\"520\" srcset=\"https:\/\/www.wcsu.edu\/philosophy\/wp-content\/uploads\/sites\/86\/2018\/08\/morePretentiousFlag-300x300.jpg 300w, https:\/\/www.wcsu.edu\/philosophy\/wp-content\/uploads\/sites\/86\/2018\/08\/morePretentiousFlag-150x150.jpg 150w, https:\/\/www.wcsu.edu\/philosophy\/wp-content\/uploads\/sites\/86\/2018\/08\/morePretentiousFlag.jpg 600w\" sizes=\"auto, (max-width: 520px) 100vw, 520px\" \/><\/p>\n<p>&nbsp;<\/p>\n<p style=\"text-align: center\"><strong><span style=\"font-size: 12pt\">the less pretentious version:<\/span><\/strong><\/p>\n<p style=\"text-align: center\"><img loading=\"lazy\" decoding=\"async\" class=\"alignnone wp-image-353\" src=\"http:\/\/wcsu.wpengine.com\/philosophy\/wp-content\/uploads\/sites\/86\/2018\/08\/lessPretentiousFlag-300x200.jpg\" alt=\"\" width=\"521\" height=\"347\" srcset=\"https:\/\/www.wcsu.edu\/philosophy\/wp-content\/uploads\/sites\/86\/2018\/08\/lessPretentiousFlag-300x200.jpg 300w, https:\/\/www.wcsu.edu\/philosophy\/wp-content\/uploads\/sites\/86\/2018\/08\/lessPretentiousFlag-768x512.jpg 768w, https:\/\/www.wcsu.edu\/philosophy\/wp-content\/uploads\/sites\/86\/2018\/08\/lessPretentiousFlag.jpg 864w\" sizes=\"auto, (max-width: 521px) 100vw, 521px\" \/><\/p>\n<p>&nbsp;<\/p>\n<p>&nbsp;<\/p>\n<p>&nbsp;<\/p>\n","protected":false},"excerpt":{"rendered":"<p>&nbsp; What are some of our alumni doing? A philosophy major alumna Sarah Wright is traveling to Peru in July on a responsible volunteering trip. Here&#8217;s more information: I recently graduated from WCSU in May 2018. I created a contract &hellip;<\/p>\n","protected":false},"author":1,"featured_media":0,"parent":0,"menu_order":0,"comment_status":"closed","ping_status":"closed","template":"left-navigation.php","meta":{"footnotes":""},"class_list":["post-25","page","type-page","status-publish","hentry"],"_links":{"self":[{"href":"https:\/\/www.wcsu.edu\/philosophy\/wp-json\/wp\/v2\/pages\/25","targetHints":{"allow":["GET"]}}],"collection":[{"href":"https:\/\/www.wcsu.edu\/philosophy\/wp-json\/wp\/v2\/pages"}],"about":[{"href":"https:\/\/www.wcsu.edu\/philosophy\/wp-json\/wp\/v2\/types\/page"}],"author":[{"embeddable":true,"href":"https:\/\/www.wcsu.edu\/philosophy\/wp-json\/wp\/v2\/users\/1"}],"replies":[{"embeddable":true,"href":"https:\/\/www.wcsu.edu\/philosophy\/wp-json\/wp\/v2\/comments?post=25"}],"version-history":[{"count":0,"href":"https:\/\/www.wcsu.edu\/philosophy\/wp-json\/wp\/v2\/pages\/25\/revisions"}],"wp:attachment":[{"href":"https:\/\/www.wcsu.edu\/philosophy\/wp-json\/wp\/v2\/media?parent=25"}],"curies":[{"name":"wp","href":"https:\/\/api.w.org\/{rel}","templated":true}]}}