{"id":437,"date":"2017-10-07T17:50:33","date_gmt":"2017-10-07T17:50:33","guid":{"rendered":"http:\/\/wcsu.wpengine.com\/stem\/?page_id=437"},"modified":"2017-11-09T18:16:42","modified_gmt":"2017-11-09T18:16:42","slug":"viaje-a-wallops-island-espanol","status":"publish","type":"page","link":"https:\/\/www.wcsu.edu\/stem\/viaje-a-wallops-island-espanol\/","title":{"rendered":"Viaje a Wallops Island (Espa\u00f1ol)"},"content":{"rendered":"<p style=\"text-align: center\">\n<p>&nbsp;<\/p>\n<p>Familias de &#8216;Finding Our Way&#8217;, prep\u00e1rese! Nuestro viaje a la NASA se acerca. Visitaremos el Centro de Vuelo de la NASA y el Centro de Sat\u00e9lites de NOAA y aprenderemos m\u00e1s sobre la misi\u00f3n de ambas agencias federales. Nos reuniremos con astronautas, pilotos, inform\u00e1ticos e ingenieros ampliando sus conocimientos de carreras en Ciencias, Tecnolog\u00eda, Ingenier\u00eda y Matem\u00e1ticas.<\/p>\n<p>&nbsp;<\/p>\n<p>Los permisos est\u00e1n en proceso. La informaci\u00f3n completa sobre los horarios de salida, las listas de empaque, el hotel, las actividades y el horario se compartir\u00e1n el 7 de octubre de 2017 en el Science Building de Western Connecticut State University, de 9:00am a 12:00pm. \u00a1Como todos los s\u00e1bados de ciencia, la participaci\u00f3n de los padres es obligatoria!<\/p>\n<p>&nbsp;<\/p>\n<p style=\"text-align: center\"><div id=\"envira-gallery-wrap-163\" class=\"envira-gallery-wrap envira-lazy-loading-enabled envira-layout-automatic\" itemscope itemtype=\"https:\/\/schema.org\/ImageGallery\"><div class=\"envira-loader\"><div><\/div><div><\/div><div><\/div><div><\/div><\/div><div id=\"envira-gallery-163\" class=\"envira-gallery-public envira-gallery-0-columns envira-clear envira-gallery-justified-public\" data-envira-id=\"163\" data-gallery-config='{\"type\":\"default\",\"columns\":\"0\",\"gallery_theme\":\"base\",\"justified_gallery_theme\":\"normal\",\"justified_margins\":1,\"justified_last_row\":\"nojustify\",\"lazy_loading\":1,\"lazy_loading_delay\":500,\"gutter\":10,\"margin\":10,\"image_size\":\"default\",\"crop_width\":640,\"crop_height\":480,\"crop\":0,\"additional_copy_title\":0,\"additional_copy_caption\":0,\"additional_copy_automatic_title\":1,\"additional_copy_automatic_caption\":1,\"justified_row_height\":150,\"description_position\":\"0\",\"description\":\"\",\"random\":\"0\",\"sorting_direction\":\"ASC\",\"image_sizes_random\":[],\"dimensions\":0,\"isotope\":1,\"css_animations\":1,\"css_opacity\":100,\"lightbox_enabled\":1,\"lightbox_theme\":\"base_dark\",\"lightbox_image_size\":\"default\",\"title_display\":\"float\",\"lightbox_title_caption\":\"title\",\"arrows\":1,\"arrows_position\":\"inside\",\"keyboard\":1,\"mousewheel\":1,\"aspect\":1,\"toolbar\":1,\"toolbar_title\":0,\"toolbar_position\":\"top\",\"loop\":1,\"lightbox_open_close_effect\":\"fade\",\"effect\":\"fade\",\"html5\":0,\"supersize\":0,\"thumbnails\":1,\"thumbnails_width\":75,\"thumbnails_height\":50,\"thumbnails_position\":\"bottom\",\"mobile\":1,\"mobile_width\":320,\"mobile_height\":240,\"mobile_lightbox\":1,\"mobile_touchwipe\":1,\"mobile_touchwipe_close\":0,\"mobile_arrows\":1,\"mobile_toolbar\":1,\"mobile_thumbnails\":1,\"mobile_thumbnails_width\":75,\"mobile_thumbnails_height\":50,\"mobile_justified_row_height\":80,\"classes\":[\"\"],\"rtl\":0,\"title\":\"NOAA 2017\",\"slug\":\"noaa-2017\",\"videos_play_icon\":0,\"videos_autoplay\":0,\"videos_playpause\":1,\"videos_progress\":1,\"videos_current\":1,\"videos_duration\":1,\"videos_volume\":1,\"layout\":\"automatic\",\"gallery_id\":\"163\"}' data-gallery-images='[{\"status\":\"active\",\"src\":\"https:\\\/\\\/www.wcsu.edu\\\/stem\\\/wp-content\\\/uploads\\\/sites\\\/155\\\/2017\\\/06\\\/noaa4-1.jpg\",\"title\":\"noaa4\",\"link\":\"http:\\\/\\\/wcsu.wpengine.com\\\/stem\\\/wp-content\\\/uploads\\\/sites\\\/155\\\/2017\\\/06\\\/noaa4-1.jpg\",\"alt\":\"\",\"caption\":false,\"thumb\":\"https:\\\/\\\/www.wcsu.edu\\\/stem\\\/wp-content\\\/uploads\\\/sites\\\/155\\\/2017\\\/06\\\/noaa4-1-75x50_c.jpg\",\"mobile_thumb\":\"http:\\\/\\\/wcsu.wpengine.com\\\/stem\\\/wp-content\\\/uploads\\\/sites\\\/155\\\/2017\\\/06\\\/noaa4-1.jpg\",\"meta\":{\"aperture\":null,\"credit\":null,\"camera\":null,\"caption\":\"\",\"created_timestamp\":null,\"copyright\":null,\"focal_length\":null,\"iso\":null,\"shutter_speed\":null,\"title\":\"\",\"orientation\":null,\"keywords\":null,\"resized_images\":null},\"thumbnail\":\"https:\\\/\\\/www.wcsu.edu\\\/stem\\\/wp-content\\\/uploads\\\/sites\\\/155\\\/2017\\\/06\\\/noaa4-1-150x150.jpg\",\"medium\":\"https:\\\/\\\/www.wcsu.edu\\\/stem\\\/wp-content\\\/uploads\\\/sites\\\/155\\\/2017\\\/06\\\/noaa4-1-251x300.jpg\",\"medium_large\":\"https:\\\/\\\/www.wcsu.edu\\\/stem\\\/wp-content\\\/uploads\\\/sites\\\/155\\\/2017\\\/06\\\/noaa4-1-768x918.jpg\",\"large\":\"https:\\\/\\\/www.wcsu.edu\\\/stem\\\/wp-content\\\/uploads\\\/sites\\\/155\\\/2017\\\/06\\\/noaa4-1-857x1024.jpg\",\"1536x1536\":\"https:\\\/\\\/www.wcsu.edu\\\/stem\\\/wp-content\\\/uploads\\\/sites\\\/155\\\/2017\\\/06\\\/noaa4-1.jpg\",\"2048x2048\":\"https:\\\/\\\/www.wcsu.edu\\\/stem\\\/wp-content\\\/uploads\\\/sites\\\/155\\\/2017\\\/06\\\/noaa4-1.jpg\",\"post-thumbnail\":\"https:\\\/\\\/www.wcsu.edu\\\/stem\\\/wp-content\\\/uploads\\\/sites\\\/155\\\/2017\\\/06\\\/noaa4-1-895x198.jpg\",\"full\":\"https:\\\/\\\/www.wcsu.edu\\\/stem\\\/wp-content\\\/uploads\\\/sites\\\/155\\\/2017\\\/06\\\/noaa4-1.jpg\",\"index\":0,\"id\":164,\"video\":false,\"opts\":{\"caption\":\"\",\"thumb\":\"https:\\\/\\\/www.wcsu.edu\\\/stem\\\/wp-content\\\/uploads\\\/sites\\\/155\\\/2017\\\/06\\\/noaa4-1-75x50_c.jpg\",\"title\":\"noaa4\"},\"gallery_id\":\"163\"},{\"status\":\"active\",\"src\":\"https:\\\/\\\/www.wcsu.edu\\\/stem\\\/wp-content\\\/uploads\\\/sites\\\/155\\\/2017\\\/06\\\/noaa1-1.jpg\",\"title\":\"noaa1\",\"link\":\"http:\\\/\\\/wcsu.wpengine.com\\\/stem\\\/wp-content\\\/uploads\\\/sites\\\/155\\\/2017\\\/06\\\/noaa1-1.jpg\",\"alt\":\"\",\"caption\":false,\"thumb\":\"https:\\\/\\\/www.wcsu.edu\\\/stem\\\/wp-content\\\/uploads\\\/sites\\\/155\\\/2017\\\/06\\\/noaa1-1-75x50_c.jpg\",\"mobile_thumb\":\"http:\\\/\\\/wcsu.wpengine.com\\\/stem\\\/wp-content\\\/uploads\\\/sites\\\/155\\\/2017\\\/06\\\/noaa1-1.jpg\",\"meta\":{\"aperture\":null,\"credit\":null,\"camera\":null,\"caption\":\"\",\"created_timestamp\":null,\"copyright\":null,\"focal_length\":null,\"iso\":null,\"shutter_speed\":null,\"title\":\"\",\"orientation\":null,\"keywords\":null,\"resized_images\":null},\"thumbnail\":\"https:\\\/\\\/www.wcsu.edu\\\/stem\\\/wp-content\\\/uploads\\\/sites\\\/155\\\/2017\\\/06\\\/noaa1-1-150x150.jpg\",\"medium\":\"https:\\\/\\\/www.wcsu.edu\\\/stem\\\/wp-content\\\/uploads\\\/sites\\\/155\\\/2017\\\/06\\\/noaa1-1-300x225.jpg\",\"medium_large\":\"https:\\\/\\\/www.wcsu.edu\\\/stem\\\/wp-content\\\/uploads\\\/sites\\\/155\\\/2017\\\/06\\\/noaa1-1-768x576.jpg\",\"large\":\"https:\\\/\\\/www.wcsu.edu\\\/stem\\\/wp-content\\\/uploads\\\/sites\\\/155\\\/2017\\\/06\\\/noaa1-1-1024x768.jpg\",\"1536x1536\":\"https:\\\/\\\/www.wcsu.edu\\\/stem\\\/wp-content\\\/uploads\\\/sites\\\/155\\\/2017\\\/06\\\/noaa1-1.jpg\",\"2048x2048\":\"https:\\\/\\\/www.wcsu.edu\\\/stem\\\/wp-content\\\/uploads\\\/sites\\\/155\\\/2017\\\/06\\\/noaa1-1.jpg\",\"post-thumbnail\":\"https:\\\/\\\/www.wcsu.edu\\\/stem\\\/wp-content\\\/uploads\\\/sites\\\/155\\\/2017\\\/06\\\/noaa1-1-940x198.jpg\",\"full\":\"https:\\\/\\\/www.wcsu.edu\\\/stem\\\/wp-content\\\/uploads\\\/sites\\\/155\\\/2017\\\/06\\\/noaa1-1.jpg\",\"index\":1,\"id\":165,\"video\":false,\"opts\":{\"caption\":\"\",\"thumb\":\"https:\\\/\\\/www.wcsu.edu\\\/stem\\\/wp-content\\\/uploads\\\/sites\\\/155\\\/2017\\\/06\\\/noaa1-1-75x50_c.jpg\",\"title\":\"noaa1\"},\"gallery_id\":\"163\"},{\"status\":\"active\",\"src\":\"https:\\\/\\\/www.wcsu.edu\\\/stem\\\/wp-content\\\/uploads\\\/sites\\\/155\\\/2017\\\/06\\\/noaa2-1.jpg\",\"title\":\"noaa2\",\"link\":\"http:\\\/\\\/wcsu.wpengine.com\\\/stem\\\/wp-content\\\/uploads\\\/sites\\\/155\\\/2017\\\/06\\\/noaa2-1.jpg\",\"alt\":\"\",\"caption\":false,\"thumb\":\"https:\\\/\\\/www.wcsu.edu\\\/stem\\\/wp-content\\\/uploads\\\/sites\\\/155\\\/2017\\\/06\\\/noaa2-1-75x50_c.jpg\",\"mobile_thumb\":\"http:\\\/\\\/wcsu.wpengine.com\\\/stem\\\/wp-content\\\/uploads\\\/sites\\\/155\\\/2017\\\/06\\\/noaa2-1.jpg\",\"meta\":{\"aperture\":null,\"credit\":null,\"camera\":null,\"caption\":\"\",\"created_timestamp\":null,\"copyright\":null,\"focal_length\":null,\"iso\":null,\"shutter_speed\":null,\"title\":\"\",\"orientation\":null,\"keywords\":null,\"resized_images\":null},\"thumbnail\":\"https:\\\/\\\/www.wcsu.edu\\\/stem\\\/wp-content\\\/uploads\\\/sites\\\/155\\\/2017\\\/06\\\/noaa2-1-150x150.jpg\",\"medium\":\"https:\\\/\\\/www.wcsu.edu\\\/stem\\\/wp-content\\\/uploads\\\/sites\\\/155\\\/2017\\\/06\\\/noaa2-1-300x225.jpg\",\"medium_large\":\"https:\\\/\\\/www.wcsu.edu\\\/stem\\\/wp-content\\\/uploads\\\/sites\\\/155\\\/2017\\\/06\\\/noaa2-1-768x576.jpg\",\"large\":\"https:\\\/\\\/www.wcsu.edu\\\/stem\\\/wp-content\\\/uploads\\\/sites\\\/155\\\/2017\\\/06\\\/noaa2-1-1024x768.jpg\",\"1536x1536\":\"https:\\\/\\\/www.wcsu.edu\\\/stem\\\/wp-content\\\/uploads\\\/sites\\\/155\\\/2017\\\/06\\\/noaa2-1.jpg\",\"2048x2048\":\"https:\\\/\\\/www.wcsu.edu\\\/stem\\\/wp-content\\\/uploads\\\/sites\\\/155\\\/2017\\\/06\\\/noaa2-1.jpg\",\"post-thumbnail\":\"https:\\\/\\\/www.wcsu.edu\\\/stem\\\/wp-content\\\/uploads\\\/sites\\\/155\\\/2017\\\/06\\\/noaa2-1-940x198.jpg\",\"full\":\"https:\\\/\\\/www.wcsu.edu\\\/stem\\\/wp-content\\\/uploads\\\/sites\\\/155\\\/2017\\\/06\\\/noaa2-1.jpg\",\"index\":2,\"id\":166,\"video\":false,\"opts\":{\"caption\":\"\",\"thumb\":\"https:\\\/\\\/www.wcsu.edu\\\/stem\\\/wp-content\\\/uploads\\\/sites\\\/155\\\/2017\\\/06\\\/noaa2-1-75x50_c.jpg\",\"title\":\"noaa2\"},\"gallery_id\":\"163\"},{\"status\":\"active\",\"src\":\"https:\\\/\\\/www.wcsu.edu\\\/stem\\\/wp-content\\\/uploads\\\/sites\\\/155\\\/2017\\\/06\\\/noaa3-1.jpg\",\"title\":\"noaa3\",\"link\":\"http:\\\/\\\/wcsu.wpengine.com\\\/stem\\\/wp-content\\\/uploads\\\/sites\\\/155\\\/2017\\\/06\\\/noaa3-1.jpg\",\"alt\":\"\",\"caption\":false,\"thumb\":\"https:\\\/\\\/www.wcsu.edu\\\/stem\\\/wp-content\\\/uploads\\\/sites\\\/155\\\/2017\\\/06\\\/noaa3-1-75x50_c.jpg\",\"mobile_thumb\":\"http:\\\/\\\/wcsu.wpengine.com\\\/stem\\\/wp-content\\\/uploads\\\/sites\\\/155\\\/2017\\\/06\\\/noaa3-1.jpg\",\"meta\":{\"aperture\":null,\"credit\":null,\"camera\":null,\"caption\":\"\",\"created_timestamp\":null,\"copyright\":null,\"focal_length\":null,\"iso\":null,\"shutter_speed\":null,\"title\":\"\",\"orientation\":null,\"keywords\":null,\"resized_images\":null},\"thumbnail\":\"https:\\\/\\\/www.wcsu.edu\\\/stem\\\/wp-content\\\/uploads\\\/sites\\\/155\\\/2017\\\/06\\\/noaa3-1-150x150.jpg\",\"medium\":\"https:\\\/\\\/www.wcsu.edu\\\/stem\\\/wp-content\\\/uploads\\\/sites\\\/155\\\/2017\\\/06\\\/noaa3-1-300x225.jpg\",\"medium_large\":\"https:\\\/\\\/www.wcsu.edu\\\/stem\\\/wp-content\\\/uploads\\\/sites\\\/155\\\/2017\\\/06\\\/noaa3-1-768x576.jpg\",\"large\":\"https:\\\/\\\/www.wcsu.edu\\\/stem\\\/wp-content\\\/uploads\\\/sites\\\/155\\\/2017\\\/06\\\/noaa3-1-1024x768.jpg\",\"1536x1536\":\"https:\\\/\\\/www.wcsu.edu\\\/stem\\\/wp-content\\\/uploads\\\/sites\\\/155\\\/2017\\\/06\\\/noaa3-1.jpg\",\"2048x2048\":\"https:\\\/\\\/www.wcsu.edu\\\/stem\\\/wp-content\\\/uploads\\\/sites\\\/155\\\/2017\\\/06\\\/noaa3-1.jpg\",\"post-thumbnail\":\"https:\\\/\\\/www.wcsu.edu\\\/stem\\\/wp-content\\\/uploads\\\/sites\\\/155\\\/2017\\\/06\\\/noaa3-1-940x198.jpg\",\"full\":\"https:\\\/\\\/www.wcsu.edu\\\/stem\\\/wp-content\\\/uploads\\\/sites\\\/155\\\/2017\\\/06\\\/noaa3-1.jpg\",\"index\":3,\"id\":167,\"video\":false,\"opts\":{\"caption\":\"\",\"thumb\":\"https:\\\/\\\/www.wcsu.edu\\\/stem\\\/wp-content\\\/uploads\\\/sites\\\/155\\\/2017\\\/06\\\/noaa3-1-75x50_c.jpg\",\"title\":\"noaa3\"},\"gallery_id\":\"163\"}]' data-lightbox-theme='{&quot;arrows&quot;:true,&quot;margins&quot;:[120,0],&quot;gutter&quot;:&quot;100&quot;,&quot;thumbs_position&quot;:&quot;bottom&quot;,&quot;base_template&quot;:&quot;&lt;div id=\\&quot;envirabox-163\\&quot; data-envirabox-id=\\&quot;163\\&quot; class=\\&quot;envirabox-container envirabox-theme-base_dark envirabox-wrap\\&quot; role=\\&quot;dialog\\&quot;&gt;&lt;div class=\\&quot;envirabox-bg\\&quot;&gt;&lt;\\\/div&gt;&lt;div class=\\&quot;envirabox-outer\\&quot;&gt;&lt;div class=\\&quot;envirabox-inner\\&quot;&gt;&lt;div class=\\&quot;envirabox-caption-wrap\\&quot;&gt;&lt;div class=\\&quot;envirabox-title\\&quot;&gt;&lt;\\\/div&gt;&lt;\\\/div&gt;&lt;div class=\\&quot;envirabox-toolbar\\&quot;&gt;&lt;div class=\\&quot;envira-close-button\\&quot;&gt;&lt;a data-envirabox-close class=\\&quot;envirabox-item envirabox-close envirabox-button--close\\&quot; title=\\&quot;Close\\&quot; href=\\&quot;#\\&quot;&gt;&lt;\\\/a&gt;&lt;\\\/div&gt;&lt;\\\/div&gt;&lt;div class=\\&quot;envirabox-navigation\\&quot;&gt;&lt;a data-envirabox-prev title=\\&quot;Prev\\&quot; class=\\&quot;envirabox-arrow envirabox-arrow--left envirabox-nav envirabox-prev\\&quot; href=\\&quot;#\\&quot;&gt;&lt;span&gt;&lt;\\\/span&gt;&lt;\\\/a&gt;&lt;a data-envirabox-next title=\\&quot;Next\\&quot; class=\\&quot;envirabox-arrow envirabox-arrow--right envirabox-nav envirabox-next\\&quot; href=\\&quot;#\\&quot;&gt;&lt;span&gt;&lt;\\\/span&gt;&lt;\\\/a&gt;&lt;\\\/div&gt;&lt;div class=\\&quot;envirabox-stage\\&quot;&gt;&lt;\\\/div&gt;&lt;\\\/div&gt;&lt;\\\/div&gt;&lt;\\\/div&gt;&quot;,&quot;load_all&quot;:false,&quot;error_template&quot;:&quot;&lt;div class=\\&quot;envirabox-error\\&quot;&gt;&lt;p&gt;{{ERROR}}&lt;p&gt;&lt;\\\/div&gt;&quot;,&quot;inner_caption&quot;:false,&quot;caption_position&quot;:false,&quot;arrow_position&quot;:false,&quot;toolbar&quot;:true,&quot;infobar&quot;:false,&quot;show_smallbtn&quot;:false,&quot;idle_time&quot;:false,&quot;click_content&quot;:false,&quot;click_slide&quot;:false,&quot;click_outside&quot;:false,&quot;animation_duration&quot;:false,&quot;transition_duration&quot;:false,&quot;small_btn_template&quot;:&quot;&lt;a data-envirabox-close class=\\&quot;envirabox-item envirabox-close envirabox-button--close\\&quot; title=\\&quot;Close\\&quot; href=\\&quot;#\\&quot;&gt;&lt;\\\/a&gt;&quot;}' data-parsed-attrs='{\"id\":\"163\",\"cache\":true}'><div id=\"envira-gallery-item-164\" class=\"envira-gallery-item envira-gallery-item-1 envira-lazy-load\" style=\"padding-left: 5px; padding-bottom: 10px; padding-right: 5px;\"  itemscope itemtype=\"https:\/\/schema.org\/ImageObject\"><div class=\"envira-gallery-item-inner\"><div class=\"envira-gallery-position-overlay envira-gallery-top-left\"><\/div><div class=\"envira-gallery-position-overlay envira-gallery-top-right\"><\/div><div class=\"envira-gallery-position-overlay envira-gallery-bottom-left\"><\/div><div class=\"envira-gallery-position-overlay envira-gallery-bottom-right\"><\/div><a class=\"envira-gallery-163 envira-gallery-link\" href=\"https:\/\/wcsu.wpengine.com\/stem\/wp-content\/uploads\/sites\/155\/2017\/06\/noaa4-1.jpg\" title=\"noaa4\" data-caption=\"\" data-envira-item-id=\"164\" data-envira-retina=\"https:\/\/www.wcsu.edu\/stem\/wp-content\/uploads\/sites\/155\/2017\/06\/noaa4-1.jpg\" data-thumb=\"https:\/\/wcsu.wpengine.com\/stem\/wp-content\/uploads\/sites\/155\/2017\/06\/noaa4-1-75x50_c.jpg\" data-title=\"noaa4\" data-envirabox='163' itemprop=\"contentUrl\"><img loading=\"lazy\" decoding=\"async\" src=\"https:\/\/www.wcsu.edu\/stem\/wp-content\/uploads\/sites\/155\/2017\/06\/noaa4-1-857x1024.jpg\" alt=\"\" class=\"envira-gallery-image envira-gallery-image-1    envira-lazy\" height=\"480\" id=\"envira-gallery-image-164\" srcset=\"data:image\/gif;base64,R0lGODlhAQABAIAAAP\/\/\/\/\/\/\/yH5BAEKAAEALAAAAAABAAEAAAICTAEAOw==\" tabindex=\"-1\" title=\"noaa4\" width=\"640\" data-caption=\"\" data-envira-gallery-id=\"163\" data-envira-index=\"0\" data-envira-item-id=\"164\" data-envira-src=\"https:\/\/www.wcsu.edu\/stem\/wp-content\/uploads\/sites\/155\/2017\/06\/noaa4-1-857x1024.jpg\" data-envira-srcset=\"https:\/\/www.wcsu.edu\/stem\/wp-content\/uploads\/sites\/155\/2017\/06\/noaa4-1-857x1024.jpg 400w, https:\/\/www.wcsu.edu\/stem\/wp-content\/uploads\/sites\/155\/2017\/06\/noaa4-1-857x1024.jpg 2x\" data-title=\"noaa4\" itemprop=\"thumbnailUrl\"  data-envirabox=\"163\" data-automatic-caption=\"noaa4\" data-envira-height=\"300\" data-envira-width=\"251\" \/><\/a><\/div><\/div><div id=\"envira-gallery-item-165\" class=\"envira-gallery-item envira-gallery-item-2 envira-lazy-load\" style=\"padding-left: 5px; padding-bottom: 10px; padding-right: 5px;\"  itemscope itemtype=\"https:\/\/schema.org\/ImageObject\"><div class=\"envira-gallery-item-inner\"><div class=\"envira-gallery-position-overlay envira-gallery-top-left\"><\/div><div class=\"envira-gallery-position-overlay envira-gallery-top-right\"><\/div><div class=\"envira-gallery-position-overlay envira-gallery-bottom-left\"><\/div><div class=\"envira-gallery-position-overlay envira-gallery-bottom-right\"><\/div><a class=\"envira-gallery-163 envira-gallery-link\" href=\"https:\/\/wcsu.wpengine.com\/stem\/wp-content\/uploads\/sites\/155\/2017\/06\/noaa1-1.jpg\" title=\"noaa1\" data-caption=\"\" data-envira-item-id=\"165\" data-envira-retina=\"https:\/\/www.wcsu.edu\/stem\/wp-content\/uploads\/sites\/155\/2017\/06\/noaa1-1.jpg\" data-thumb=\"https:\/\/wcsu.wpengine.com\/stem\/wp-content\/uploads\/sites\/155\/2017\/06\/noaa1-1-75x50_c.jpg\" data-title=\"noaa1\" data-envirabox='163' itemprop=\"contentUrl\"><img loading=\"lazy\" decoding=\"async\" src=\"https:\/\/www.wcsu.edu\/stem\/wp-content\/uploads\/sites\/155\/2017\/06\/noaa1-1-1024x768.jpg\" alt=\"\" class=\"envira-gallery-image envira-gallery-image-2    envira-lazy\" height=\"480\" id=\"envira-gallery-image-165\" srcset=\"data:image\/gif;base64,R0lGODlhAQABAIAAAP\/\/\/\/\/\/\/yH5BAEKAAEALAAAAAABAAEAAAICTAEAOw==\" tabindex=\"-1\" title=\"noaa1\" width=\"640\" data-caption=\"\" data-envira-gallery-id=\"163\" data-envira-index=\"1\" data-envira-item-id=\"165\" data-envira-src=\"https:\/\/www.wcsu.edu\/stem\/wp-content\/uploads\/sites\/155\/2017\/06\/noaa1-1-1024x768.jpg\" data-envira-srcset=\"https:\/\/www.wcsu.edu\/stem\/wp-content\/uploads\/sites\/155\/2017\/06\/noaa1-1-1024x768.jpg 400w, https:\/\/www.wcsu.edu\/stem\/wp-content\/uploads\/sites\/155\/2017\/06\/noaa1-1-1024x768.jpg 2x\" data-title=\"noaa1\" itemprop=\"thumbnailUrl\"  data-envirabox=\"163\" data-automatic-caption=\"noaa1\" data-envira-height=\"225\" data-envira-width=\"300\" \/><\/a><\/div><\/div><div id=\"envira-gallery-item-166\" class=\"envira-gallery-item envira-gallery-item-3 envira-lazy-load\" style=\"padding-left: 5px; padding-bottom: 10px; padding-right: 5px;\"  itemscope itemtype=\"https:\/\/schema.org\/ImageObject\"><div class=\"envira-gallery-item-inner\"><div class=\"envira-gallery-position-overlay envira-gallery-top-left\"><\/div><div class=\"envira-gallery-position-overlay envira-gallery-top-right\"><\/div><div class=\"envira-gallery-position-overlay envira-gallery-bottom-left\"><\/div><div class=\"envira-gallery-position-overlay envira-gallery-bottom-right\"><\/div><a class=\"envira-gallery-163 envira-gallery-link\" href=\"https:\/\/wcsu.wpengine.com\/stem\/wp-content\/uploads\/sites\/155\/2017\/06\/noaa2-1.jpg\" title=\"noaa2\" data-caption=\"\" data-envira-item-id=\"166\" data-envira-retina=\"https:\/\/www.wcsu.edu\/stem\/wp-content\/uploads\/sites\/155\/2017\/06\/noaa2-1.jpg\" data-thumb=\"https:\/\/wcsu.wpengine.com\/stem\/wp-content\/uploads\/sites\/155\/2017\/06\/noaa2-1-75x50_c.jpg\" data-title=\"noaa2\" data-envirabox='163' itemprop=\"contentUrl\"><img loading=\"lazy\" decoding=\"async\" src=\"https:\/\/www.wcsu.edu\/stem\/wp-content\/uploads\/sites\/155\/2017\/06\/noaa2-1-1024x768.jpg\" alt=\"\" class=\"envira-gallery-image envira-gallery-image-3    envira-lazy\" height=\"480\" id=\"envira-gallery-image-166\" srcset=\"data:image\/gif;base64,R0lGODlhAQABAIAAAP\/\/\/\/\/\/\/yH5BAEKAAEALAAAAAABAAEAAAICTAEAOw==\" tabindex=\"-1\" title=\"noaa2\" width=\"640\" data-caption=\"\" data-envira-gallery-id=\"163\" data-envira-index=\"2\" data-envira-item-id=\"166\" data-envira-src=\"https:\/\/www.wcsu.edu\/stem\/wp-content\/uploads\/sites\/155\/2017\/06\/noaa2-1-1024x768.jpg\" data-envira-srcset=\"https:\/\/www.wcsu.edu\/stem\/wp-content\/uploads\/sites\/155\/2017\/06\/noaa2-1-1024x768.jpg 400w, https:\/\/www.wcsu.edu\/stem\/wp-content\/uploads\/sites\/155\/2017\/06\/noaa2-1-1024x768.jpg 2x\" data-title=\"noaa2\" itemprop=\"thumbnailUrl\"  data-envirabox=\"163\" data-automatic-caption=\"noaa2\" data-envira-height=\"225\" data-envira-width=\"300\" \/><\/a><\/div><\/div><div id=\"envira-gallery-item-167\" class=\"envira-gallery-item envira-gallery-item-4 envira-lazy-load\" style=\"padding-left: 5px; padding-bottom: 10px; padding-right: 5px;\"  itemscope itemtype=\"https:\/\/schema.org\/ImageObject\"><div class=\"envira-gallery-item-inner\"><div class=\"envira-gallery-position-overlay envira-gallery-top-left\"><\/div><div class=\"envira-gallery-position-overlay envira-gallery-top-right\"><\/div><div class=\"envira-gallery-position-overlay envira-gallery-bottom-left\"><\/div><div class=\"envira-gallery-position-overlay envira-gallery-bottom-right\"><\/div><a class=\"envira-gallery-163 envira-gallery-link\" href=\"https:\/\/wcsu.wpengine.com\/stem\/wp-content\/uploads\/sites\/155\/2017\/06\/noaa3-1.jpg\" title=\"noaa3\" data-caption=\"\" data-envira-item-id=\"167\" data-envira-retina=\"https:\/\/www.wcsu.edu\/stem\/wp-content\/uploads\/sites\/155\/2017\/06\/noaa3-1.jpg\" data-thumb=\"https:\/\/wcsu.wpengine.com\/stem\/wp-content\/uploads\/sites\/155\/2017\/06\/noaa3-1-75x50_c.jpg\" data-title=\"noaa3\" data-envirabox='163' itemprop=\"contentUrl\"><img loading=\"lazy\" decoding=\"async\" src=\"https:\/\/www.wcsu.edu\/stem\/wp-content\/uploads\/sites\/155\/2017\/06\/noaa3-1-1024x768.jpg\" alt=\"\" class=\"envira-gallery-image envira-gallery-image-4    envira-lazy\" height=\"480\" id=\"envira-gallery-image-167\" srcset=\"data:image\/gif;base64,R0lGODlhAQABAIAAAP\/\/\/\/\/\/\/yH5BAEKAAEALAAAAAABAAEAAAICTAEAOw==\" tabindex=\"-1\" title=\"noaa3\" width=\"640\" data-caption=\"\" data-envira-gallery-id=\"163\" data-envira-index=\"3\" data-envira-item-id=\"167\" data-envira-src=\"https:\/\/www.wcsu.edu\/stem\/wp-content\/uploads\/sites\/155\/2017\/06\/noaa3-1-1024x768.jpg\" data-envira-srcset=\"https:\/\/www.wcsu.edu\/stem\/wp-content\/uploads\/sites\/155\/2017\/06\/noaa3-1-1024x768.jpg 400w, https:\/\/www.wcsu.edu\/stem\/wp-content\/uploads\/sites\/155\/2017\/06\/noaa3-1-1024x768.jpg 2x\" data-title=\"noaa3\" itemprop=\"thumbnailUrl\"  data-envirabox=\"163\" data-automatic-caption=\"noaa3\" data-envira-height=\"225\" data-envira-width=\"300\" \/><\/a><\/div><\/div><\/div><\/div><noscript><img src='http:\/\/wcsu.wpengine.com\/stem\/wp-content\/uploads\/sites\/155\/2017\/06\/noaa4-1.jpg' alt='' class='envira_noscript_images ' \/><img src='http:\/\/wcsu.wpengine.com\/stem\/wp-content\/uploads\/sites\/155\/2017\/06\/noaa1-1.jpg' alt='' class='envira_noscript_images ' \/><img src='http:\/\/wcsu.wpengine.com\/stem\/wp-content\/uploads\/sites\/155\/2017\/06\/noaa2-1.jpg' alt='' class='envira_noscript_images ' \/><img src='http:\/\/wcsu.wpengine.com\/stem\/wp-content\/uploads\/sites\/155\/2017\/06\/noaa3-1.jpg' alt='' class='envira_noscript_images ' \/><\/noscript><\/p>\n","protected":false},"excerpt":{"rendered":"<p>&nbsp; Familias de &#8216;Finding Our Way&#8217;, prep\u00e1rese! Nuestro viaje a la NASA se acerca. Visitaremos el Centro de Vuelo de la NASA y el Centro de Sat\u00e9lites de NOAA y aprenderemos m\u00e1s sobre la misi\u00f3n de ambas agencias federales. Nos &hellip;<\/p>\n","protected":false},"author":49,"featured_media":0,"parent":0,"menu_order":0,"comment_status":"closed","ping_status":"closed","template":"","meta":{"footnotes":""},"class_list":["post-437","page","type-page","status-publish","hentry"],"_links":{"self":[{"href":"https:\/\/www.wcsu.edu\/stem\/wp-json\/wp\/v2\/pages\/437","targetHints":{"allow":["GET"]}}],"collection":[{"href":"https:\/\/www.wcsu.edu\/stem\/wp-json\/wp\/v2\/pages"}],"about":[{"href":"https:\/\/www.wcsu.edu\/stem\/wp-json\/wp\/v2\/types\/page"}],"author":[{"embeddable":true,"href":"https:\/\/www.wcsu.edu\/stem\/wp-json\/wp\/v2\/users\/49"}],"replies":[{"embeddable":true,"href":"https:\/\/www.wcsu.edu\/stem\/wp-json\/wp\/v2\/comments?post=437"}],"version-history":[{"count":0,"href":"https:\/\/www.wcsu.edu\/stem\/wp-json\/wp\/v2\/pages\/437\/revisions"}],"wp:attachment":[{"href":"https:\/\/www.wcsu.edu\/stem\/wp-json\/wp\/v2\/media?parent=437"}],"curies":[{"name":"wp","href":"https:\/\/api.w.org\/{rel}","templated":true}]}}