{"id":1079,"date":"2017-09-21T18:00:54","date_gmt":"2017-09-21T18:00:54","guid":{"rendered":"http:\/\/wcsu.wpengine.com\/theatrearts\/?page_id=1079"},"modified":"2022-06-09T04:21:54","modified_gmt":"2022-06-09T04:21:54","slug":"anthony-cochrane","status":"publish","type":"page","link":"https:\/\/www.wcsu.edu\/theatrearts\/faculty\/anthony-cochrane\/","title":{"rendered":"Anthony Cochrane &#8211; Adjunct Professor (Performing Shakespeare, Director)"},"content":{"rendered":"<p><strong><img loading=\"lazy\" decoding=\"async\" class=\"alignnone size-medium wp-image-1081\" src=\"https:\/\/www.wcsu.edu\/theatrearts\/wp-content\/uploads\/sites\/128\/2017\/09\/image1-260x300.jpg\" alt=\"\" width=\"260\" height=\"300\" \/><\/strong><\/p>\n<p><strong>Anthony Cochrane\u00a0<\/strong><em>(Adjunct Professor)<\/em> is an actor\/composer from Scotland who now resides in New Jersey.<\/p>\n<p>Cochrane\u2019s Broadway acting credits include <em>The Audience<\/em> with Helen Mirren. <em>War Horse, <\/em>the TONY winning trilogy, <em>The Coast of Utopia<\/em> by Tom Stoppard and <em>Cymbeline<\/em> at Lincoln Center Theater; Off-Broadway credits include<em> Nikolai And The Others, <\/em>LCT, <em>Cato<\/em>, The Flea, <em>Othello<\/em>,<em> Cyrano de Bergerac<\/em>,<em> Much Ado About Nothing<\/em>,<em> Julius Caesar<\/em>,<em> King Lear<\/em>,<em> Twelfth Night<\/em>,<em> The Iliad<\/em>,<em> The Man Who Would Be King<\/em>, <em>The Invisible Man <\/em>and <em>Romeo and Juliet<\/em> (European tour) all with Aquila Theatre Company. BAM: <em>Dense Terrain<\/em> (Doug Varone and Dancers); Carnegie Hall: <em>M\u00e9d\u00e9\u00e9<\/em>.\u00a0 Regional credits include <em>Great Expectations<\/em>, (Syracuse Stage); <em>Julius Caesar, Henry VIII, <\/em>(Folger Shakespeare Theatre); <em>Timon Of Athens, Hamlet, All\u2019s Well That Ends Well<\/em>. (Alabama Shakespeare Festival), <em>Owners, Cymbeline<\/em> (Yale Rep), <em>One Man, Two Guvnors<\/em> (Repertory Theatre Of St. Louis),\u00a0 <em>Tovarich, Diary Of Anne Frank <\/em>(Shakespeare Theater Of New Jersey) UK credits include <em>The Broken Heart<\/em>, <em>The Wives\u2019 Excuse<\/em>, <em>Coriolanus<\/em>, <em>Julius Caesar<\/em> (Royal Shakespeare Company); <em>The Merchant of Venice<\/em>, <em>Measure for Measure<\/em>,<em> Hiawatha<\/em> (Royal Lyceum, Edinburgh); <em>Hamlet<\/em>, <em>Jungle Book<\/em> (Lyric Theatre, Belfast).\u00a0 Film: <em>Wall St. 2<\/em>, <em>Apocalypse Watch<\/em>.\u00a0 TV: &#8216;The Blacklist&#8217;, \u2018Law And Order SVU\u2019, \u2018Benjamin Franklin\u2019 (PBS), \u2018Taggart\u2019 (STV),<\/p>\n<p>Cochrane was Associate Director &amp; Composer\/Musical Director of the Aquila Theatre Company for 12 years.\u00a0 In this capacity he has written musical scores and collaborated on the creation of more than 20 productions. He scored <em>Timon Of Athens<\/em> and <em>As You Like It<\/em> recently for the Alabama Shakespeare Festival. Cochrane\u2019s film scores include Alex Webb\u2019s films <em>Pizza<\/em>, the award winning <em>The Girl From 2C <\/em>and<em> Hove (The Wind)<\/em>, and Robert Richmond\u2019s <em>Dreadful Sorry.<\/em><\/p>\n<p><a href=\"http:\/\/www.anthonycochrane.com\" target=\"_blank\" rel=\"noopener\"><strong>www.anthonycochrane.com<\/strong><\/a><\/p>\n<p><a href=\"https:\/\/www.wcsu.edu\/theatrearts\/adjunct-faculty\/\">Click here<\/a> to return to Adjunct Faculty page.<\/p>\n","protected":false},"excerpt":{"rendered":"<p>Anthony Cochrane\u00a0(Adjunct Professor) is an actor\/composer from Scotland who now resides in New Jersey. Cochrane\u2019s Broadway acting credits include The Audience with Helen Mirren. War Horse, the TONY winning trilogy, The Coast of Utopia by Tom Stoppard and Cymbeline at &hellip;<\/p>\n","protected":false},"author":213,"featured_media":0,"parent":20,"menu_order":0,"comment_status":"closed","ping_status":"closed","template":"left-navigation.php","meta":{"footnotes":""},"class_list":["post-1079","page","type-page","status-publish","hentry"],"_links":{"self":[{"href":"https:\/\/www.wcsu.edu\/theatrearts\/wp-json\/wp\/v2\/pages\/1079","targetHints":{"allow":["GET"]}}],"collection":[{"href":"https:\/\/www.wcsu.edu\/theatrearts\/wp-json\/wp\/v2\/pages"}],"about":[{"href":"https:\/\/www.wcsu.edu\/theatrearts\/wp-json\/wp\/v2\/types\/page"}],"author":[{"embeddable":true,"href":"https:\/\/www.wcsu.edu\/theatrearts\/wp-json\/wp\/v2\/users\/213"}],"replies":[{"embeddable":true,"href":"https:\/\/www.wcsu.edu\/theatrearts\/wp-json\/wp\/v2\/comments?post=1079"}],"version-history":[{"count":0,"href":"https:\/\/www.wcsu.edu\/theatrearts\/wp-json\/wp\/v2\/pages\/1079\/revisions"}],"up":[{"embeddable":true,"href":"https:\/\/www.wcsu.edu\/theatrearts\/wp-json\/wp\/v2\/pages\/20"}],"wp:attachment":[{"href":"https:\/\/www.wcsu.edu\/theatrearts\/wp-json\/wp\/v2\/media?parent=1079"}],"curies":[{"name":"wp","href":"https:\/\/api.w.org\/{rel}","templated":true}]}}