{"id":1559,"date":"2019-08-13T02:36:30","date_gmt":"2019-08-13T02:36:30","guid":{"rendered":"http:\/\/wcsu.wpengine.com\/theatrearts\/?page_id=1559"},"modified":"2022-08-11T13:38:23","modified_gmt":"2022-08-11T13:38:23","slug":"dr-justin-cowan","status":"publish","type":"page","link":"https:\/\/www.wcsu.edu\/theatrearts\/dr-justin-cowan\/","title":{"rendered":"Dr. Justin P. Cowan &#8211; Department Chair"},"content":{"rendered":"<p><img loading=\"lazy\" decoding=\"async\" class=\"alignnone size-medium wp-image-1560\" src=\"http:\/\/wcsu.wpengine.com\/theatrearts\/wp-content\/uploads\/sites\/128\/2019\/08\/justin-9953-Edit-Edit-2-200x300.jpg\" alt=\"\" width=\"200\" height=\"300\" srcset=\"https:\/\/www.wcsu.edu\/theatrearts\/wp-content\/uploads\/sites\/128\/2019\/08\/justin-9953-Edit-Edit-2-200x300.jpg 200w, https:\/\/www.wcsu.edu\/theatrearts\/wp-content\/uploads\/sites\/128\/2019\/08\/justin-9953-Edit-Edit-2-683x1024.jpg 683w, https:\/\/www.wcsu.edu\/theatrearts\/wp-content\/uploads\/sites\/128\/2019\/08\/justin-9953-Edit-Edit-2-768x1152.jpg 768w, https:\/\/www.wcsu.edu\/theatrearts\/wp-content\/uploads\/sites\/128\/2019\/08\/justin-9953-Edit-Edit-2-1024x1536.jpg 1024w, https:\/\/www.wcsu.edu\/theatrearts\/wp-content\/uploads\/sites\/128\/2019\/08\/justin-9953-Edit-Edit-2.jpg 1200w\" sizes=\"auto, (max-width: 200px) 100vw, 200px\" \/><\/p>\n<p><strong>Dr. Justin P. Cowan<\/strong><em>\u00a0(Department Chair, Associate Professor<\/em><i>)\u00a0<\/i>has many areas of expertise including Musicianship for Musical Theatre, Musical Theatre History, Musical Theatre Performance, Audition Techniques\/Vocal Coaching for Musical Theatre, and Stage Directing.\u00a0 He is also an accomplished Musical Director, holding a DMA in Conducting with a Cognate in Stage Direction from the University of North Carolina at Greensboro, as well as undergraduate and masters degrees in Voice and Conducting, respectively.<\/p>\n<p>As a Musical Director\/Conductor, credits include: NY Regional:\u00a0<i>West Side Story, The Producers, Hairspray, Cabaret, Annie Get Your Gun<\/i>. Other Regional:\u00a0<i>Sweeney Todd, Sunday in the Park with George\u00a0<\/i>(North Carolina Summer Rep). \u00a0<i>Damn Yankees, Avenue Q, Gypsy, Guys and Dolls, Legally Blonde, How To Succeed&#8230;\u00a0<\/i>(Ocean State Theatre Company).\u00a0 <i>South Pacific, Man of La Mancha, Pump Boys and Dinettes, Dirty Blonde, A Christmas Carol<\/i>\u00a0(Triad Stage).\u00a0 <i>[Title of Show], The Fantasticks<\/i>\u00a0(Florida Repertory Theatre).\u00a0<i>The Drowsy Chaperone, Annie, The Great American Trailer Park Musical\u00a0<\/i>(Maples Repertory Theatre).\u00a0 <i>Always\u2026Patsy Cline, Ethel Waters: His Eye is on the Sparrow\u00a0<\/i>(Florida Studio Theatre). \u00a0<i>Little Shop Of Horrors, Something\u2019s Afoot, A Grand Night For Singing<\/i>\u00a0(The Schoolhouse Theatre).\u00a0\u00a0<em>Into the Woods, The Secret Garden\u00a0<\/em>(Gallery Players).\u00a0<i>Caroline, or Change, Heathers, Hairspray, Into the Woods, Monty Python\u2019s: Spamalot, Mr. Burns: A Post-Electric Play, A Year With Frog And Toad, Dani Girl, Cabaret\u00a0<\/i>(UNCG School of Theatre).\u00a0 <i>Church Basement Ladies, Are We There Yet?. The Winter Wonderettes\u00a0<\/i>(Prather Entertainment Group). \u00a0<em>Little Women<\/em> (The University of Alabama).\u00a0<i>Dirty Rotten Scoundrels, Ain\u2019t Misbehavin\u2019, Das Barbec\u00fc, Songs For A New World, The 25th Annual&#8230;Spelling Bee<\/i>\u00a0(BIG ARTS Herb Strauss Theatre).<\/p>\n<p>NYC concerts include:\u00a0<em>Dream a Little Dream with Hamilton&#8217;s Deon&#8217;te Goodman\u00a0<\/em>(54 Below) and\u00a0<em>An Evening with\u00a0<\/em><em>D&#8217;Archangelis and Horneff<\/em>\u00a0(Greenroom 42).<\/p>\n<p>International Conducting: Rimsky-Korsakov&#8217;s <em>Scheherazade<\/em>\u00a0(<span class=\"TextRun SCXW48824857 BCX4\" lang=\"EN-US\" xml:lang=\"EN-US\" data-contrast=\"none\"><span class=\"NormalTextRun SCXW48824857 BCX4\">Bohuslav Martin\u016f Philharmonic Orchestra<\/span><\/span><span class=\"EOP SCXW48824857 BCX4\" data-ccp-props=\"{&quot;201341983&quot;:0,&quot;335551550&quot;:0,&quot;335551620&quot;:0,&quot;335559739&quot;:160,&quot;335559740&quot;:259}\">\u00a0at\u00a0<\/span><span class=\"NormalTextRun SpellingErrorV2Themed SCXW175516024 BCX4\">Krom\u011b\u0159\u00ed\u017e<\/span><span class=\"NormalTextRun SCXW175516024 BCX4\"> Castle in <\/span><span class=\"NormalTextRun SpellingErrorV2Themed SCXW175516024 BCX4\">Krom\u011b\u0159\u00ed\u017e<\/span><span class=\"NormalTextRun SCXW175516024 BCX4\">, Czech Republic).<\/span><\/p>\n<p>As a Producer\/Director, Dr. Cowan previously served as the Artistic Director for the\u00a0<i>Herb Strauss Theatre<\/i>\u00a0on Sanibel Island, FL as well as the Founding Artistic Director of\u00a0<i>North Carolina Summer Rep<\/i>, a professional theatre in partnership with the University of North Carolina at Greensboro.<\/p>\n<p>Additional directing credits include:\u00a0<em>Allegro (Upcoming), Melancholy Play, a chamber musical, Hedda Freeman: a contemporary adaptation of Ibsen&#8217;s Hedda Gabler\u00a0<\/em>(WCSU),\u00a0<em>The Santaland Diaries <\/em>(Paperlantern Theatre)<em>,\u00a0<\/em><em>A New Brain,<\/em> <em>Melancholy Play, a chamber musical, <\/em><em>T<\/em><em>he Piano Lesson\u00a0<\/em>(University of NC-Greensboro).<\/p>\n<p>More information about Dr. Cowan can be found at <a href=\"http:\/\/ConductorCowan.com\" target=\"_blank\" rel=\"noopener\">ConductorCowan.com<\/a> and\/or <a href=\"http:\/\/DirectorCowan.com\" target=\"_blank\" rel=\"noopener\">DirectorCowan.com<\/a>.<\/p>\n<p>&nbsp;<\/p>\n<p><strong>Contact Information<\/strong><br \/>\nDr. Justin P. Cowan, Chair<br \/>\nDepartment of Theatre Arts<br \/>\n203-837-8476<br \/>\n<a href=\"mailto:cowanj@wcsu.edu, hunterv@wcsu.edu\" target=\"_blank\" rel=\"noopener\">cowanj@wcsu.edu<\/a><\/p>\n<p>&nbsp;<\/p>\n<p><a href=\"https:\/\/www.wcsu.edu\/theatrearts\/full-time-faculty\/\">Click here<\/a> to return to Full-Time Faculty page.<\/p>\n","protected":false},"excerpt":{"rendered":"<p>Dr. Justin P. Cowan\u00a0(Department Chair, Associate Professor)\u00a0has many areas of expertise including Musicianship for Musical Theatre, Musical Theatre History, Musical Theatre Performance, Audition Techniques\/Vocal Coaching for Musical Theatre, and Stage Directing.\u00a0 He is also an accomplished Musical Director, holding a &hellip;<\/p>\n","protected":false},"author":1,"featured_media":0,"parent":0,"menu_order":0,"comment_status":"closed","ping_status":"closed","template":"","meta":{"footnotes":""},"class_list":["post-1559","page","type-page","status-publish","hentry"],"_links":{"self":[{"href":"https:\/\/www.wcsu.edu\/theatrearts\/wp-json\/wp\/v2\/pages\/1559","targetHints":{"allow":["GET"]}}],"collection":[{"href":"https:\/\/www.wcsu.edu\/theatrearts\/wp-json\/wp\/v2\/pages"}],"about":[{"href":"https:\/\/www.wcsu.edu\/theatrearts\/wp-json\/wp\/v2\/types\/page"}],"author":[{"embeddable":true,"href":"https:\/\/www.wcsu.edu\/theatrearts\/wp-json\/wp\/v2\/users\/1"}],"replies":[{"embeddable":true,"href":"https:\/\/www.wcsu.edu\/theatrearts\/wp-json\/wp\/v2\/comments?post=1559"}],"version-history":[{"count":0,"href":"https:\/\/www.wcsu.edu\/theatrearts\/wp-json\/wp\/v2\/pages\/1559\/revisions"}],"wp:attachment":[{"href":"https:\/\/www.wcsu.edu\/theatrearts\/wp-json\/wp\/v2\/media?parent=1559"}],"curies":[{"name":"wp","href":"https:\/\/api.w.org\/{rel}","templated":true}]}}